{"id":129,"date":"2022-06-21T15:07:56","date_gmt":"2022-06-21T13:07:56","guid":{"rendered":"https:\/\/cnr-prod-wa-louloute.azurewebsites.net\/?page_id=129"},"modified":"2023-06-02T16:54:47","modified_gmt":"2023-06-02T14:54:47","slug":"presentation-cnr","status":"publish","type":"page","link":"https:\/\/cnr.etcompagnie-le-lab.fr\/index.php\/presentation-cnr\/","title":{"rendered":"Qui sommes-nous ?"},"content":{"rendered":"<div class=\"wpb-content-wrapper\"><p>[vc_row css_animation=\u00a0\u00bb\u00a0\u00bb row_type=\u00a0\u00bbrow\u00a0\u00bb use_row_as_full_screen_section=\u00a0\u00bbno\u00a0\u00bb type=\u00a0\u00bbgrid\u00a0\u00bb angled_section=\u00a0\u00bbno\u00a0\u00bb text_align=\u00a0\u00bbcenter\u00a0\u00bb background_image_as_pattern=\u00a0\u00bbwithout_pattern\u00a0\u00bb z_index=\u00a0\u00bb\u00a0\u00bb css=\u00a0\u00bb.vc_custom_1516977299669{padding-top: 175px !important;padding-bottom: 50px !important;}\u00a0\u00bb][vc_column][qode_elements_holder number_of_columns=\u00a0\u00bbone_column\u00a0\u00bb][qode_elements_holder_item vertical_alignment=\u00a0\u00bbmiddle\u00a0\u00bb horizontal_alignment=\u00a0\u00bbcenter\u00a0\u00bb advanced_animations=\u00a0\u00bbno\u00a0\u00bb item_padding=\u00a0\u00bb0px 20%\u00a0\u00bb item_padding_1280_1440=\u00a0\u00bb0px 27%\u00a0\u00bb item_padding_1024_1280=\u00a0\u00bb0px 27%\u00a0\u00bb item_padding_768_1024=\u00a0\u00bb0px 24%\u00a0\u00bb item_padding_600_768=\u00a0\u00bb0px 11%\u00a0\u00bb item_padding_480_600=\u00a0\u00bb0px\u00a0\u00bb item_padding_480=\u00a0\u00bb0px\u00a0\u00bb][vc_column_text]<\/p>\n<h2>CNR en quelques chiffres<\/h2>\n<p>[\/vc_column_text][vc_empty_space height=\u00a0\u00bb50px\u00a0\u00bb][vc_column_text][\/vc_column_text][vc_single_image image=\u00a0\u00bb447&Prime; img_size=\u00a0\u00bbfull\u00a0\u00bb alignment=\u00a0\u00bbcenter\u00a0\u00bb onclick=\u00a0\u00bbcustom_link\u00a0\u00bb img_link_target=\u00a0\u00bb_blank\u00a0\u00bb qode_css_animation=\u00a0\u00bb\u00a0\u00bb qode_hover_animation=\u00a0\u00bbzoom_in\u00a0\u00bb link=\u00a0\u00bbhttps:\/\/cnr.etcompagnie-le-lab.fr\/wp-content\/uploads\/2023\/06\/CNR_infog_FR.pdf\u00a0\u00bb][\/qode_elements_holder_item][\/qode_elements_holder][qode_elements_holder number_of_columns=\u00a0\u00bbone_column\u00a0\u00bb][qode_elements_holder_item vertical_alignment=\u00a0\u00bbmiddle\u00a0\u00bb horizontal_alignment=\u00a0\u00bbcenter\u00a0\u00bb advanced_animations=\u00a0\u00bbno\u00a0\u00bb item_padding=\u00a0\u00bb0px 20%\u00a0\u00bb item_padding_1280_1440=\u00a0\u00bb0px 27%\u00a0\u00bb item_padding_1024_1280=\u00a0\u00bb0px 27%\u00a0\u00bb item_padding_768_1024=\u00a0\u00bb0px 24%\u00a0\u00bb item_padding_600_768=\u00a0\u00bb0px 11%\u00a0\u00bb item_padding_480_600=\u00a0\u00bb0px\u00a0\u00bb item_padding_480=\u00a0\u00bb0px\u00a0\u00bb][vc_empty_space height=\u00a0\u00bb100px\u00a0\u00bb][vc_column_text]<\/p>\n<h2>Vous souhaitez en savoir plus sur le fleuve Rh\u00f4ne<\/h2>\n<p>[\/vc_column_text][vc_empty_space height=\u00a0\u00bb50px\u00a0\u00bb][vc_column_text]Cr\u00e9\u00e9e \u00e0 l\u2019initiative de CNR, <a href=\"https:\/\/www.alasource-cnr.fr\/\" target=\"_blank\" rel=\"noopener\">alasource<\/a> r\u00e9pond \u00e0 toutes vos questions sur le Rh\u00f4ne \u00e0 travers 4 grandes th\u00e9matiques : le fleuve Rh\u00f4ne, la biodiversit\u00e9, les \u00e9nergies renouvelables et la transition \u00e9cologique. Une plateforme p\u00e9dagogique et ludique \u00e0 disposition de tous les curieux de nature, enfants, parents et enseignants.[\/vc_column_text][vc_empty_space height=\u00a0\u00bb50px\u00a0\u00bb][vc_single_image image=\u00a0\u00bb349&Prime; img_size=\u00a0\u00bb300&#215;300&Prime; alignment=\u00a0\u00bbcenter\u00a0\u00bb onclick=\u00a0\u00bbcustom_link\u00a0\u00bb img_link_target=\u00a0\u00bb_blank\u00a0\u00bb qode_css_animation=\u00a0\u00bb\u00a0\u00bb qode_hover_animation=\u00a0\u00bbzoom_in\u00a0\u00bb link=\u00a0\u00bbhttps:\/\/www.alasource-cnr.fr\/\u00a0\u00bb][\/qode_elements_holder_item][\/qode_elements_holder][\/vc_column][\/vc_row]<\/p>\n<\/div>","protected":false},"excerpt":{"rendered":"<p>[vc_row css_animation=\u00a0\u00bb\u00a0\u00bb row_type=\u00a0\u00bbrow\u00a0\u00bb use_row_as_full_screen_section=\u00a0\u00bbno\u00a0\u00bb type=\u00a0\u00bbgrid\u00a0\u00bb angled_section=\u00a0\u00bbno\u00a0\u00bb text_align=\u00a0\u00bbcenter\u00a0\u00bb background_image_as_pattern=\u00a0\u00bbwithout_pattern\u00a0\u00bb z_index=\u00a0\u00bb\u00a0\u00bb css=\u00a0\u00bb.vc_custom_1516977299669{padding-top: 175px !important;padding-bottom: 50px !important;}\u00a0\u00bb][vc_column][qode_elements_holder number_of_columns=\u00a0\u00bbone_column\u00a0\u00bb][qode_elements_holder_item vertical_alignment=\u00a0\u00bbmiddle\u00a0\u00bb horizontal_alignment=\u00a0\u00bbcenter\u00a0\u00bb advanced_animations=\u00a0\u00bbno\u00a0\u00bb item_padding=\u00a0\u00bb0px 20%\u00a0\u00bb item_padding_1280_1440=\u00a0\u00bb0px 27%\u00a0\u00bb item_padding_1024_1280=\u00a0\u00bb0px 27%\u00a0\u00bb item_padding_768_1024=\u00a0\u00bb0px 24%\u00a0\u00bb item_padding_600_768=\u00a0\u00bb0px 11%\u00a0\u00bb item_padding_480_600=\u00a0\u00bb0px\u00a0\u00bb item_padding_480=\u00a0\u00bb0px\u00a0\u00bb][vc_column_text] CNR en quelques chiffres [\/vc_column_text][vc_empty_space height=\u00a0\u00bb50px\u00a0\u00bb][vc_column_text][\/vc_column_text][vc_single_image image=\u00a0\u00bb447&Prime; img_size=\u00a0\u00bbfull\u00a0\u00bb alignment=\u00a0\u00bbcenter\u00a0\u00bb onclick=\u00a0\u00bbcustom_link\u00a0\u00bb img_link_target=\u00a0\u00bb_blank\u00a0\u00bb qode_css_animation=\u00a0\u00bb\u00a0\u00bb qode_hover_animation=\u00a0\u00bbzoom_in\u00a0\u00bb link=\u00a0\u00bbhttps:\/\/cnr.etcompagnie-le-lab.fr\/wp-content\/uploads\/2023\/06\/CNR_infog_FR.pdf\u00a0\u00bb][\/qode_elements_holder_item][\/qode_elements_holder][qode_elements_holder number_of_columns=\u00a0\u00bbone_column\u00a0\u00bb][qode_elements_holder_item&#8230;<\/p>\n","protected":false},"author":1,"featured_media":0,"parent":0,"menu_order":0,"comment_status":"closed","ping_status":"closed","template":"full_width.php","meta":{"footnotes":""},"class_list":["post-129","page","type-page","status-publish","hentry"],"yoast_head":"<!-- This site is optimized with the Yoast SEO plugin v25.2 - https:\/\/yoast.com\/wordpress\/plugins\/seo\/ -->\n<title>Qui sommes-nous ? - CNR louloute<\/title>\n<meta name=\"robots\" content=\"index, follow, max-snippet:-1, max-image-preview:large, max-video-preview:-1\" \/>\n<link rel=\"canonical\" href=\"https:\/\/cnr.etcompagnie-le-lab.fr\/index.php\/presentation-cnr\/\" \/>\n<meta property=\"og:locale\" content=\"fr_FR\" \/>\n<meta property=\"og:type\" content=\"article\" \/>\n<meta property=\"og:title\" content=\"Qui sommes-nous ? - CNR louloute\" \/>\n<meta property=\"og:description\" content=\"[vc_row css_animation=\u00a0\u00bb\u00a0\u00bb row_type=\u00a0\u00bbrow\u00a0\u00bb use_row_as_full_screen_section=\u00a0\u00bbno\u00a0\u00bb type=\u00a0\u00bbgrid\u00a0\u00bb angled_section=\u00a0\u00bbno\u00a0\u00bb text_align=\u00a0\u00bbcenter\u00a0\u00bb background_image_as_pattern=\u00a0\u00bbwithout_pattern\u00a0\u00bb z_index=\u00a0\u00bb\u00a0\u00bb css=\u00a0\u00bb.vc_custom_1516977299669{padding-top: 175px !important;padding-bottom: 50px !important;}\u00a0\u00bb][vc_column][qode_elements_holder number_of_columns=\u00a0\u00bbone_column\u00a0\u00bb][qode_elements_holder_item vertical_alignment=\u00a0\u00bbmiddle\u00a0\u00bb horizontal_alignment=\u00a0\u00bbcenter\u00a0\u00bb advanced_animations=\u00a0\u00bbno\u00a0\u00bb item_padding=\u00a0\u00bb0px 20%\u00a0\u00bb item_padding_1280_1440=\u00a0\u00bb0px 27%\u00a0\u00bb item_padding_1024_1280=\u00a0\u00bb0px 27%\u00a0\u00bb item_padding_768_1024=\u00a0\u00bb0px 24%\u00a0\u00bb item_padding_600_768=\u00a0\u00bb0px 11%\u00a0\u00bb item_padding_480_600=\u00a0\u00bb0px\u00a0\u00bb item_padding_480=\u00a0\u00bb0px\u00a0\u00bb][vc_column_text] CNR en quelques chiffres [\/vc_column_text][vc_empty_space height=\u00a0\u00bb50px\u00a0\u00bb][vc_column_text][\/vc_column_text][vc_single_image image=\u00a0\u00bb447&Prime; img_size=\u00a0\u00bbfull\u00a0\u00bb alignment=\u00a0\u00bbcenter\u00a0\u00bb onclick=\u00a0\u00bbcustom_link\u00a0\u00bb img_link_target=\u00a0\u00bb_blank\u00a0\u00bb qode_css_animation=\u00a0\u00bb\u00a0\u00bb qode_hover_animation=\u00a0\u00bbzoom_in\u00a0\u00bb link=\u00a0\u00bbhttps:\/\/cnr.etcompagnie-le-lab.fr\/wp-content\/uploads\/2023\/06\/CNR_infog_FR.pdf\u00a0\u00bb][\/qode_elements_holder_item][\/qode_elements_holder][qode_elements_holder number_of_columns=\u00a0\u00bbone_column\u00a0\u00bb][qode_elements_holder_item...\" \/>\n<meta property=\"og:url\" content=\"https:\/\/cnr.etcompagnie-le-lab.fr\/index.php\/presentation-cnr\/\" \/>\n<meta property=\"og:site_name\" content=\"CNR louloute\" \/>\n<meta property=\"article:modified_time\" content=\"2023-06-02T14:54:47+00:00\" \/>\n<meta name=\"twitter:card\" content=\"summary_large_image\" \/>\n<meta name=\"twitter:label1\" content=\"Dur\u00e9e de lecture estim\u00e9e\" \/>\n\t<meta name=\"twitter:data1\" content=\"2 minutes\" \/>\n<script type=\"application\/ld+json\" class=\"yoast-schema-graph\">{\"@context\":\"https:\/\/schema.org\",\"@graph\":[{\"@type\":\"WebPage\",\"@id\":\"https:\/\/cnr.etcompagnie-le-lab.fr\/index.php\/presentation-cnr\/\",\"url\":\"https:\/\/cnr.etcompagnie-le-lab.fr\/index.php\/presentation-cnr\/\",\"name\":\"Qui sommes-nous ? - CNR louloute\",\"isPartOf\":{\"@id\":\"https:\/\/cnr.etcompagnie-le-lab.fr\/#website\"},\"datePublished\":\"2022-06-21T13:07:56+00:00\",\"dateModified\":\"2023-06-02T14:54:47+00:00\",\"breadcrumb\":{\"@id\":\"https:\/\/cnr.etcompagnie-le-lab.fr\/index.php\/presentation-cnr\/#breadcrumb\"},\"inLanguage\":\"fr-FR\",\"potentialAction\":[{\"@type\":\"ReadAction\",\"target\":[\"https:\/\/cnr.etcompagnie-le-lab.fr\/index.php\/presentation-cnr\/\"]}]},{\"@type\":\"BreadcrumbList\",\"@id\":\"https:\/\/cnr.etcompagnie-le-lab.fr\/index.php\/presentation-cnr\/#breadcrumb\",\"itemListElement\":[{\"@type\":\"ListItem\",\"position\":1,\"name\":\"Accueil\",\"item\":\"https:\/\/cnr.etcompagnie-le-lab.fr\/\"},{\"@type\":\"ListItem\",\"position\":2,\"name\":\"Qui sommes-nous ?\"}]},{\"@type\":\"WebSite\",\"@id\":\"https:\/\/cnr.etcompagnie-le-lab.fr\/#website\",\"url\":\"https:\/\/cnr.etcompagnie-le-lab.fr\/\",\"name\":\"CNR louloute la loutre\",\"description\":\"Louloute La loutre | Les loisirs au fil de l&#039;eau\",\"publisher\":{\"@id\":\"https:\/\/cnr.etcompagnie-le-lab.fr\/#organization\"},\"potentialAction\":[{\"@type\":\"SearchAction\",\"target\":{\"@type\":\"EntryPoint\",\"urlTemplate\":\"https:\/\/cnr.etcompagnie-le-lab.fr\/?s={search_term_string}\"},\"query-input\":{\"@type\":\"PropertyValueSpecification\",\"valueRequired\":true,\"valueName\":\"search_term_string\"}}],\"inLanguage\":\"fr-FR\"},{\"@type\":\"Organization\",\"@id\":\"https:\/\/cnr.etcompagnie-le-lab.fr\/#organization\",\"name\":\"CNR\",\"url\":\"https:\/\/cnr.etcompagnie-le-lab.fr\/\",\"logo\":{\"@type\":\"ImageObject\",\"inLanguage\":\"fr-FR\",\"@id\":\"https:\/\/cnr.etcompagnie-le-lab.fr\/#\/schema\/logo\/image\/\",\"url\":\"https:\/\/www.cnr-louloutelaloutre.fr\/wp-content\/uploads\/2022\/07\/logo-cnr-sans-bulle.png\",\"contentUrl\":\"https:\/\/www.cnr-louloutelaloutre.fr\/wp-content\/uploads\/2022\/07\/logo-cnr-sans-bulle.png\",\"width\":471,\"height\":203,\"caption\":\"CNR\"},\"image\":{\"@id\":\"https:\/\/cnr.etcompagnie-le-lab.fr\/#\/schema\/logo\/image\/\"}}]}<\/script>\n<!-- \/ Yoast SEO plugin. -->","yoast_head_json":{"title":"Qui sommes-nous ? - CNR louloute","robots":{"index":"index","follow":"follow","max-snippet":"max-snippet:-1","max-image-preview":"max-image-preview:large","max-video-preview":"max-video-preview:-1"},"canonical":"https:\/\/cnr.etcompagnie-le-lab.fr\/index.php\/presentation-cnr\/","og_locale":"fr_FR","og_type":"article","og_title":"Qui sommes-nous ? - CNR louloute","og_description":"[vc_row css_animation=\u00a0\u00bb\u00a0\u00bb row_type=\u00a0\u00bbrow\u00a0\u00bb use_row_as_full_screen_section=\u00a0\u00bbno\u00a0\u00bb type=\u00a0\u00bbgrid\u00a0\u00bb angled_section=\u00a0\u00bbno\u00a0\u00bb text_align=\u00a0\u00bbcenter\u00a0\u00bb background_image_as_pattern=\u00a0\u00bbwithout_pattern\u00a0\u00bb z_index=\u00a0\u00bb\u00a0\u00bb css=\u00a0\u00bb.vc_custom_1516977299669{padding-top: 175px !important;padding-bottom: 50px !important;}\u00a0\u00bb][vc_column][qode_elements_holder number_of_columns=\u00a0\u00bbone_column\u00a0\u00bb][qode_elements_holder_item vertical_alignment=\u00a0\u00bbmiddle\u00a0\u00bb horizontal_alignment=\u00a0\u00bbcenter\u00a0\u00bb advanced_animations=\u00a0\u00bbno\u00a0\u00bb item_padding=\u00a0\u00bb0px 20%\u00a0\u00bb item_padding_1280_1440=\u00a0\u00bb0px 27%\u00a0\u00bb item_padding_1024_1280=\u00a0\u00bb0px 27%\u00a0\u00bb item_padding_768_1024=\u00a0\u00bb0px 24%\u00a0\u00bb item_padding_600_768=\u00a0\u00bb0px 11%\u00a0\u00bb item_padding_480_600=\u00a0\u00bb0px\u00a0\u00bb item_padding_480=\u00a0\u00bb0px\u00a0\u00bb][vc_column_text] CNR en quelques chiffres [\/vc_column_text][vc_empty_space height=\u00a0\u00bb50px\u00a0\u00bb][vc_column_text][\/vc_column_text][vc_single_image image=\u00a0\u00bb447&Prime; img_size=\u00a0\u00bbfull\u00a0\u00bb alignment=\u00a0\u00bbcenter\u00a0\u00bb onclick=\u00a0\u00bbcustom_link\u00a0\u00bb img_link_target=\u00a0\u00bb_blank\u00a0\u00bb qode_css_animation=\u00a0\u00bb\u00a0\u00bb qode_hover_animation=\u00a0\u00bbzoom_in\u00a0\u00bb link=\u00a0\u00bbhttps:\/\/cnr.etcompagnie-le-lab.fr\/wp-content\/uploads\/2023\/06\/CNR_infog_FR.pdf\u00a0\u00bb][\/qode_elements_holder_item][\/qode_elements_holder][qode_elements_holder number_of_columns=\u00a0\u00bbone_column\u00a0\u00bb][qode_elements_holder_item...","og_url":"https:\/\/cnr.etcompagnie-le-lab.fr\/index.php\/presentation-cnr\/","og_site_name":"CNR louloute","article_modified_time":"2023-06-02T14:54:47+00:00","twitter_card":"summary_large_image","twitter_misc":{"Dur\u00e9e de lecture estim\u00e9e":"2 minutes"},"schema":{"@context":"https:\/\/schema.org","@graph":[{"@type":"WebPage","@id":"https:\/\/cnr.etcompagnie-le-lab.fr\/index.php\/presentation-cnr\/","url":"https:\/\/cnr.etcompagnie-le-lab.fr\/index.php\/presentation-cnr\/","name":"Qui sommes-nous ? - CNR louloute","isPartOf":{"@id":"https:\/\/cnr.etcompagnie-le-lab.fr\/#website"},"datePublished":"2022-06-21T13:07:56+00:00","dateModified":"2023-06-02T14:54:47+00:00","breadcrumb":{"@id":"https:\/\/cnr.etcompagnie-le-lab.fr\/index.php\/presentation-cnr\/#breadcrumb"},"inLanguage":"fr-FR","potentialAction":[{"@type":"ReadAction","target":["https:\/\/cnr.etcompagnie-le-lab.fr\/index.php\/presentation-cnr\/"]}]},{"@type":"BreadcrumbList","@id":"https:\/\/cnr.etcompagnie-le-lab.fr\/index.php\/presentation-cnr\/#breadcrumb","itemListElement":[{"@type":"ListItem","position":1,"name":"Accueil","item":"https:\/\/cnr.etcompagnie-le-lab.fr\/"},{"@type":"ListItem","position":2,"name":"Qui sommes-nous ?"}]},{"@type":"WebSite","@id":"https:\/\/cnr.etcompagnie-le-lab.fr\/#website","url":"https:\/\/cnr.etcompagnie-le-lab.fr\/","name":"CNR louloute la loutre","description":"Louloute La loutre | Les loisirs au fil de l&#039;eau","publisher":{"@id":"https:\/\/cnr.etcompagnie-le-lab.fr\/#organization"},"potentialAction":[{"@type":"SearchAction","target":{"@type":"EntryPoint","urlTemplate":"https:\/\/cnr.etcompagnie-le-lab.fr\/?s={search_term_string}"},"query-input":{"@type":"PropertyValueSpecification","valueRequired":true,"valueName":"search_term_string"}}],"inLanguage":"fr-FR"},{"@type":"Organization","@id":"https:\/\/cnr.etcompagnie-le-lab.fr\/#organization","name":"CNR","url":"https:\/\/cnr.etcompagnie-le-lab.fr\/","logo":{"@type":"ImageObject","inLanguage":"fr-FR","@id":"https:\/\/cnr.etcompagnie-le-lab.fr\/#\/schema\/logo\/image\/","url":"https:\/\/www.cnr-louloutelaloutre.fr\/wp-content\/uploads\/2022\/07\/logo-cnr-sans-bulle.png","contentUrl":"https:\/\/www.cnr-louloutelaloutre.fr\/wp-content\/uploads\/2022\/07\/logo-cnr-sans-bulle.png","width":471,"height":203,"caption":"CNR"},"image":{"@id":"https:\/\/cnr.etcompagnie-le-lab.fr\/#\/schema\/logo\/image\/"}}]}},"_links":{"self":[{"href":"https:\/\/cnr.etcompagnie-le-lab.fr\/index.php\/wp-json\/wp\/v2\/pages\/129","targetHints":{"allow":["GET"]}}],"collection":[{"href":"https:\/\/cnr.etcompagnie-le-lab.fr\/index.php\/wp-json\/wp\/v2\/pages"}],"about":[{"href":"https:\/\/cnr.etcompagnie-le-lab.fr\/index.php\/wp-json\/wp\/v2\/types\/page"}],"author":[{"embeddable":true,"href":"https:\/\/cnr.etcompagnie-le-lab.fr\/index.php\/wp-json\/wp\/v2\/users\/1"}],"replies":[{"embeddable":true,"href":"https:\/\/cnr.etcompagnie-le-lab.fr\/index.php\/wp-json\/wp\/v2\/comments?post=129"}],"version-history":[{"count":23,"href":"https:\/\/cnr.etcompagnie-le-lab.fr\/index.php\/wp-json\/wp\/v2\/pages\/129\/revisions"}],"predecessor-version":[{"id":449,"href":"https:\/\/cnr.etcompagnie-le-lab.fr\/index.php\/wp-json\/wp\/v2\/pages\/129\/revisions\/449"}],"wp:attachment":[{"href":"https:\/\/cnr.etcompagnie-le-lab.fr\/index.php\/wp-json\/wp\/v2\/media?parent=129"}],"curies":[{"name":"wp","href":"https:\/\/api.w.org\/{rel}","templated":true}]}}