{"id":141,"date":"2022-06-21T15:50:22","date_gmt":"2022-06-21T13:50:22","guid":{"rendered":"https:\/\/cnr-prod-wa-louloute.azurewebsites.net\/?page_id=141"},"modified":"2023-06-12T17:35:28","modified_gmt":"2023-06-12T15:35:28","slug":"jouez-avec-louloute","status":"publish","type":"page","link":"https:\/\/cnr.etcompagnie-le-lab.fr\/index.php\/jouez-avec-louloute\/","title":{"rendered":"Jeux"},"content":{"rendered":"<div class=\"wpb-content-wrapper\"><p>[vc_row css_animation=\u00a0\u00bb\u00a0\u00bb row_type=\u00a0\u00bbrow\u00a0\u00bb use_row_as_full_screen_section=\u00a0\u00bbno\u00a0\u00bb type=\u00a0\u00bbgrid\u00a0\u00bb angled_section=\u00a0\u00bbno\u00a0\u00bb text_align=\u00a0\u00bbcenter\u00a0\u00bb background_image_as_pattern=\u00a0\u00bbwithout_pattern\u00a0\u00bb z_index=\u00a0\u00bb\u00a0\u00bb css=\u00a0\u00bb.vc_custom_1516977299669{padding-top: 175px !important;padding-bottom: 50px !important;}\u00a0\u00bb][vc_column][vc_column_text css=\u00a0\u00bb.vc_custom_1655818896863{margin-top: -100px !important;padding-top: 40px !important;padding-bottom: 40px !important;background-image: url(https:\/\/cnr.etcompagnie-le-lab.fr\/wp-content\/uploads\/2022\/06\/cnr-louloute-circle-bleu.png?id=112) !important;background-position: center !important;background-repeat: no-repeat !important;background-size: contain !important;}\u00a0\u00bb]<\/p>\n<p style=\"text-align: center;\">Maintenant que vous en savez plus sur le fleuve Rh\u00f4ne,<br \/>\namusez-vous \u00e0 tester vos connaissances et votre vigilance !<\/p>\n<p>[\/vc_column_text][qode_elements_holder number_of_columns=\u00a0\u00bbtwo_columns\u00a0\u00bb][qode_elements_holder_item vertical_alignment=\u00a0\u00bbmiddle\u00a0\u00bb horizontal_alignment=\u00a0\u00bbcenter\u00a0\u00bb advanced_animations=\u00a0\u00bbno\u00a0\u00bb item_padding=\u00a0\u00bb0px 2%\u00a0\u00bb item_padding_1280_1440=\u00a0\u00bb0px 27%\u00a0\u00bb item_padding_1024_1280=\u00a0\u00bb0px 27%\u00a0\u00bb item_padding_768_1024=\u00a0\u00bb0px 24%\u00a0\u00bb item_padding_600_768=\u00a0\u00bb0px 11%\u00a0\u00bb item_padding_480_600=\u00a0\u00bb0px\u00a0\u00bb item_padding_480=\u00a0\u00bb0px\u00a0\u00bb][vc_empty_space height=\u00a0\u00bb100px\u00a0\u00bb][vc_single_image image=\u00a0\u00bb386&Prime; img_size=\u00a0\u00bb600&#215;384&Prime; alignment=\u00a0\u00bbright\u00a0\u00bb onclick=\u00a0\u00bbcustom_link\u00a0\u00bb img_link_target=\u00a0\u00bb_blank\u00a0\u00bb qode_css_animation=\u00a0\u00bb\u00a0\u00bb qode_hover_animation=\u00a0\u00bbzoom_in\u00a0\u00bb link=\u00a0\u00bbhttps:\/\/www.alasource-cnr.fr\/jeu\/a_la_decouverte_du_rhone_avec_louloute\/\u00a0\u00bb][\/qode_elements_holder_item][qode_elements_holder_item vertical_alignment=\u00a0\u00bbmiddle\u00a0\u00bb horizontal_alignment=\u00a0\u00bbleft\u00a0\u00bb advanced_animations=\u00a0\u00bbno\u00a0\u00bb item_padding=\u00a0\u00bb0px 5%\u00a0\u00bb item_padding_1280_1440=\u00a0\u00bb0px 27%\u00a0\u00bb item_padding_1024_1280=\u00a0\u00bb0px 27%\u00a0\u00bb item_padding_768_1024=\u00a0\u00bb0px 24%\u00a0\u00bb item_padding_600_768=\u00a0\u00bb0px 11%\u00a0\u00bb item_padding_480_600=\u00a0\u00bb0px\u00a0\u00bb item_padding_480=\u00a0\u00bb0px\u00a0\u00bb][vc_empty_space height=\u00a0\u00bb100px\u00a0\u00bb][vc_column_text]<\/p>\n<h3>Quiz interactif<\/h3>\n<p>[\/vc_column_text][vc_empty_space][vc_column_text]Testez vos connaissances sur le fleuve Rh\u00f4ne[\/vc_column_text][vc_empty_space]<a  itemprop=\"url\" href=\"https:\/\/www.alasource-cnr.fr\/jeu\/a_la_decouverte_du_rhone_avec_louloute\/\" target=\"_blank\" data-hover-background-color=\"#ad0d13\" data-hover-border-color=\"#ad0d13\" data-hover-color=\"#ffffff\" class=\"qbutton  large center default\" style=\"color: #ffffff; border-color: #d4112a; text-transform: uppercase; letter-spacing: 1px; margin: 10px 10px 10px 10px; border-radius: 30px;-moz-border-radius: 30px;-webkit-border-radius: 30px; background-color:#d4112a;\">Jouez<\/a>[\/qode_elements_holder_item][\/qode_elements_holder][qode_elements_holder number_of_columns=\u00a0\u00bbtwo_columns\u00a0\u00bb][qode_elements_holder_item vertical_alignment=\u00a0\u00bbmiddle\u00a0\u00bb horizontal_alignment=\u00a0\u00bbcenter\u00a0\u00bb advanced_animations=\u00a0\u00bbno\u00a0\u00bb item_padding=\u00a0\u00bb0px 2%\u00a0\u00bb item_padding_1280_1440=\u00a0\u00bb0px 27%\u00a0\u00bb item_padding_1024_1280=\u00a0\u00bb0px 27%\u00a0\u00bb item_padding_768_1024=\u00a0\u00bb0px 24%\u00a0\u00bb item_padding_600_768=\u00a0\u00bb0px 11%\u00a0\u00bb item_padding_480_600=\u00a0\u00bb0px\u00a0\u00bb item_padding_480=\u00a0\u00bb0px\u00a0\u00bb][vc_empty_space height=\u00a0\u00bb100px\u00a0\u00bb][vc_single_image image=\u00a0\u00bb184&Prime; img_size=\u00a0\u00bbfull\u00a0\u00bb alignment=\u00a0\u00bbright\u00a0\u00bb onclick=\u00a0\u00bbcustom_link\u00a0\u00bb img_link_target=\u00a0\u00bb_blank\u00a0\u00bb qode_css_animation=\u00a0\u00bb\u00a0\u00bb qode_hover_animation=\u00a0\u00bbzoom_in\u00a0\u00bb link=\u00a0\u00bbhttps:\/\/cnr.etcompagnie-le-lab.fr\/wp-content\/uploads\/2022\/06\/jeu-7erreurs.pdf\u00a0\u00bb][\/qode_elements_holder_item][qode_elements_holder_item vertical_alignment=\u00a0\u00bbmiddle\u00a0\u00bb horizontal_alignment=\u00a0\u00bbleft\u00a0\u00bb advanced_animations=\u00a0\u00bbno\u00a0\u00bb item_padding=\u00a0\u00bb0px 5%\u00a0\u00bb item_padding_1280_1440=\u00a0\u00bb0px 27%\u00a0\u00bb item_padding_1024_1280=\u00a0\u00bb0px 27%\u00a0\u00bb item_padding_768_1024=\u00a0\u00bb0px 24%\u00a0\u00bb item_padding_600_768=\u00a0\u00bb0px 11%\u00a0\u00bb item_padding_480_600=\u00a0\u00bb0px\u00a0\u00bb item_padding_480=\u00a0\u00bb0px\u00a0\u00bb][vc_empty_space height=\u00a0\u00bb100px\u00a0\u00bb][vc_column_text]<\/p>\n<h3>Jeu des 7 diff\u00e9rences<\/h3>\n<p>[\/vc_column_text][vc_empty_space][vc_column_text]Menez l\u2019enqu\u00eate et retrouvez les 7 erreurs gliss\u00e9es dans l\u2019illustration[\/vc_column_text][vc_empty_space]<a  itemprop=\"url\" href=\"https:\/\/cnr.etcompagnie-le-lab.fr\/wp-content\/uploads\/2022\/06\/jeu-7erreurs.pdf\" target=\"_blank\" data-hover-background-color=\"#ad0d13\" data-hover-border-color=\"#ad0d13\" data-hover-color=\"#ffffff\" class=\"qbutton  large center default\" style=\"color: #ffffff; border-color: #d4112a; text-transform: uppercase; letter-spacing: 1px; margin: 10px 10px 10px 10px; border-radius: 30px;-moz-border-radius: 30px;-webkit-border-radius: 30px; background-color:#d4112a;\">Jouez<\/a>[\/qode_elements_holder_item][\/qode_elements_holder][qode_elements_holder number_of_columns=\u00a0\u00bbtwo_columns\u00a0\u00bb][qode_elements_holder_item vertical_alignment=\u00a0\u00bbmiddle\u00a0\u00bb horizontal_alignment=\u00a0\u00bbcenter\u00a0\u00bb advanced_animations=\u00a0\u00bbno\u00a0\u00bb item_padding=\u00a0\u00bb0px 2%\u00a0\u00bb item_padding_1280_1440=\u00a0\u00bb0px 27%\u00a0\u00bb item_padding_1024_1280=\u00a0\u00bb0px 27%\u00a0\u00bb item_padding_768_1024=\u00a0\u00bb0px 24%\u00a0\u00bb item_padding_600_768=\u00a0\u00bb0px 11%\u00a0\u00bb item_padding_480_600=\u00a0\u00bb0px\u00a0\u00bb item_padding_480=\u00a0\u00bb0px\u00a0\u00bb][vc_empty_space height=\u00a0\u00bb100px\u00a0\u00bb][vc_single_image image=\u00a0\u00bb193&Prime; img_size=\u00a0\u00bbfull\u00a0\u00bb alignment=\u00a0\u00bbright\u00a0\u00bb onclick=\u00a0\u00bbcustom_link\u00a0\u00bb img_link_target=\u00a0\u00bb_blank\u00a0\u00bb qode_css_animation=\u00a0\u00bb\u00a0\u00bb qode_hover_animation=\u00a0\u00bbzoom_in\u00a0\u00bb link=\u00a0\u00bbhttps:\/\/cnr.etcompagnie-le-lab.fr\/wp-content\/uploads\/2022\/06\/latuvu-plage.pdf\u00a0\u00bb][\/qode_elements_holder_item][qode_elements_holder_item vertical_alignment=\u00a0\u00bbmiddle\u00a0\u00bb horizontal_alignment=\u00a0\u00bbleft\u00a0\u00bb advanced_animations=\u00a0\u00bbno\u00a0\u00bb item_padding=\u00a0\u00bb0px 5%\u00a0\u00bb item_padding_1280_1440=\u00a0\u00bb0px 27%\u00a0\u00bb item_padding_1024_1280=\u00a0\u00bb0px 27%\u00a0\u00bb item_padding_768_1024=\u00a0\u00bb0px 24%\u00a0\u00bb item_padding_600_768=\u00a0\u00bb0px 11%\u00a0\u00bb item_padding_480_600=\u00a0\u00bb0px\u00a0\u00bb item_padding_480=\u00a0\u00bb0px\u00a0\u00bb][vc_empty_space height=\u00a0\u00bb100px\u00a0\u00bb][vc_column_text]<\/p>\n<h3>Latuvu \u00e0 la plage<\/h3>\n<p>[\/vc_column_text][vc_empty_space][vc_column_text]Retrouvez Louloute la Loutre cach\u00e9e dans l\u2019image ![\/vc_column_text][vc_empty_space]<a  itemprop=\"url\" href=\"https:\/\/cnr.etcompagnie-le-lab.fr\/wp-content\/uploads\/2022\/06\/latuvu-plage.pdf\" target=\"_blank\" data-hover-background-color=\"#ad0d13\" data-hover-border-color=\"#ad0d13\" data-hover-color=\"#ffffff\" class=\"qbutton  large center default\" style=\"color: #ffffff; border-color: #d4112a; text-transform: uppercase; letter-spacing: 1px; margin: 10px 10px 10px 10px; border-radius: 30px;-moz-border-radius: 30px;-webkit-border-radius: 30px; background-color:#d4112a;\">Jouez<\/a>[\/qode_elements_holder_item][\/qode_elements_holder][qode_elements_holder number_of_columns=\u00a0\u00bbtwo_columns\u00a0\u00bb][qode_elements_holder_item vertical_alignment=\u00a0\u00bbmiddle\u00a0\u00bb horizontal_alignment=\u00a0\u00bbcenter\u00a0\u00bb advanced_animations=\u00a0\u00bbno\u00a0\u00bb item_padding=\u00a0\u00bb0px 2%\u00a0\u00bb item_padding_1280_1440=\u00a0\u00bb0px 27%\u00a0\u00bb item_padding_1024_1280=\u00a0\u00bb0px 27%\u00a0\u00bb item_padding_768_1024=\u00a0\u00bb0px 24%\u00a0\u00bb item_padding_600_768=\u00a0\u00bb0px 11%\u00a0\u00bb item_padding_480_600=\u00a0\u00bb0px\u00a0\u00bb item_padding_480=\u00a0\u00bb0px\u00a0\u00bb][vc_empty_space height=\u00a0\u00bb100px\u00a0\u00bb][vc_single_image image=\u00a0\u00bb194&Prime; img_size=\u00a0\u00bbfull\u00a0\u00bb alignment=\u00a0\u00bbright\u00a0\u00bb onclick=\u00a0\u00bbcustom_link\u00a0\u00bb img_link_target=\u00a0\u00bb_blank\u00a0\u00bb qode_css_animation=\u00a0\u00bb\u00a0\u00bb qode_hover_animation=\u00a0\u00bbzoom_in\u00a0\u00bb link=\u00a0\u00bbhttps:\/\/cnr.etcompagnie-le-lab.fr\/wp-content\/uploads\/2022\/06\/latuvu-viarhona.pdf\u00a0\u00bb][\/qode_elements_holder_item][qode_elements_holder_item vertical_alignment=\u00a0\u00bbmiddle\u00a0\u00bb horizontal_alignment=\u00a0\u00bbleft\u00a0\u00bb advanced_animations=\u00a0\u00bbno\u00a0\u00bb item_padding=\u00a0\u00bb0px 5%\u00a0\u00bb item_padding_1280_1440=\u00a0\u00bb0px 27%\u00a0\u00bb item_padding_1024_1280=\u00a0\u00bb0px 27%\u00a0\u00bb item_padding_768_1024=\u00a0\u00bb0px 24%\u00a0\u00bb item_padding_600_768=\u00a0\u00bb0px 11%\u00a0\u00bb item_padding_480_600=\u00a0\u00bb0px\u00a0\u00bb item_padding_480=\u00a0\u00bb0px\u00a0\u00bb][vc_empty_space height=\u00a0\u00bb100px\u00a0\u00bb][vc_column_text]<\/p>\n<h3>Latuvu sur la ViaRh\u00f4na<\/h3>\n<p>[\/vc_column_text][vc_empty_space][vc_column_text]Testez votre vigilance et retrouvez Louloute au bord du Rh\u00f4ne[\/vc_column_text][vc_empty_space]<a  itemprop=\"url\" href=\"https:\/\/cnr.etcompagnie-le-lab.fr\/wp-content\/uploads\/2022\/06\/latuvu-viarhona.pdf\" target=\"_blank\" data-hover-background-color=\"#ad0d13\" data-hover-border-color=\"#ad0d13\" data-hover-color=\"#ffffff\" class=\"qbutton  large center default\" style=\"color: #ffffff; border-color: #d4112a; text-transform: uppercase; letter-spacing: 1px; margin: 10px 10px 10px 10px; border-radius: 30px;-moz-border-radius: 30px;-webkit-border-radius: 30px; background-color:#d4112a;\">Jouez<\/a>[\/qode_elements_holder_item][\/qode_elements_holder][qode_elements_holder number_of_columns=\u00a0\u00bbtwo_columns\u00a0\u00bb][qode_elements_holder_item vertical_alignment=\u00a0\u00bbmiddle\u00a0\u00bb horizontal_alignment=\u00a0\u00bbcenter\u00a0\u00bb advanced_animations=\u00a0\u00bbno\u00a0\u00bb item_padding=\u00a0\u00bb0px 2%\u00a0\u00bb item_padding_1280_1440=\u00a0\u00bb0px 27%\u00a0\u00bb item_padding_1024_1280=\u00a0\u00bb0px 27%\u00a0\u00bb item_padding_768_1024=\u00a0\u00bb0px 24%\u00a0\u00bb item_padding_600_768=\u00a0\u00bb0px 11%\u00a0\u00bb item_padding_480_600=\u00a0\u00bb0px\u00a0\u00bb item_padding_480=\u00a0\u00bb0px\u00a0\u00bb][vc_empty_space height=\u00a0\u00bb100px\u00a0\u00bb][vc_single_image image=\u00a0\u00bb192&Prime; img_size=\u00a0\u00bbfull\u00a0\u00bb alignment=\u00a0\u00bbright\u00a0\u00bb onclick=\u00a0\u00bbcustom_link\u00a0\u00bb img_link_target=\u00a0\u00bb_blank\u00a0\u00bb qode_css_animation=\u00a0\u00bb\u00a0\u00bb qode_hover_animation=\u00a0\u00bbzoom_in\u00a0\u00bb link=\u00a0\u00bbhttps:\/\/cnr.etcompagnie-le-lab.fr\/wp-content\/uploads\/2022\/06\/Cocotte.pdf\u00a0\u00bb][\/qode_elements_holder_item][qode_elements_holder_item vertical_alignment=\u00a0\u00bbmiddle\u00a0\u00bb horizontal_alignment=\u00a0\u00bbleft\u00a0\u00bb advanced_animations=\u00a0\u00bbno\u00a0\u00bb item_padding=\u00a0\u00bb0px 5%\u00a0\u00bb item_padding_1280_1440=\u00a0\u00bb0px 27%\u00a0\u00bb item_padding_1024_1280=\u00a0\u00bb0px 27%\u00a0\u00bb item_padding_768_1024=\u00a0\u00bb0px 24%\u00a0\u00bb item_padding_600_768=\u00a0\u00bb0px 11%\u00a0\u00bb item_padding_480_600=\u00a0\u00bb0px\u00a0\u00bb item_padding_480=\u00a0\u00bb0px\u00a0\u00bb][vc_empty_space height=\u00a0\u00bb100px\u00a0\u00bb][vc_column_text]<\/p>\n<h3>Cocotte en papier<\/h3>\n<p>[\/vc_column_text][vc_empty_space][vc_column_text]Construisez la cocotte et d\u00e9couvrez comment se comporter aux abords du Rh\u00f4ne en toute s\u00e9curit\u00e9.[\/vc_column_text][vc_empty_space]<a  itemprop=\"url\" href=\"https:\/\/cnr.etcompagnie-le-lab.fr\/wp-content\/uploads\/2022\/06\/Cocotte.pdf\" target=\"_blank\" data-hover-background-color=\"#ad0d13\" data-hover-border-color=\"#ad0d13\" data-hover-color=\"#ffffff\" class=\"qbutton  large center default\" style=\"color: #ffffff; border-color: #d4112a; text-transform: uppercase; letter-spacing: 1px; margin: 10px 10px 10px 10px; border-radius: 30px;-moz-border-radius: 30px;-webkit-border-radius: 30px; background-color:#d4112a;\">Jouez<\/a>[\/qode_elements_holder_item][\/qode_elements_holder][\/vc_column][\/vc_row]<\/p>\n<\/div>","protected":false},"excerpt":{"rendered":"<p>[vc_row css_animation=\u00a0\u00bb\u00a0\u00bb row_type=\u00a0\u00bbrow\u00a0\u00bb use_row_as_full_screen_section=\u00a0\u00bbno\u00a0\u00bb type=\u00a0\u00bbgrid\u00a0\u00bb angled_section=\u00a0\u00bbno\u00a0\u00bb text_align=\u00a0\u00bbcenter\u00a0\u00bb background_image_as_pattern=\u00a0\u00bbwithout_pattern\u00a0\u00bb z_index=\u00a0\u00bb\u00a0\u00bb css=\u00a0\u00bb.vc_custom_1516977299669{padding-top: 175px !important;padding-bottom: 50px !important;}\u00a0\u00bb][vc_column][vc_column_text css=\u00a0\u00bb.vc_custom_1655818896863{margin-top: -100px !important;padding-top: 40px !important;padding-bottom: 40px !important;background-image: url(https:\/\/cnr.etcompagnie-le-lab.fr\/wp-content\/uploads\/2022\/06\/cnr-louloute-circle-bleu.png?id=112) !important;background-position: center !important;background-repeat: no-repeat !important;background-size: contain !important;}\u00a0\u00bb] Maintenant que vous en savez plus sur le fleuve Rh\u00f4ne, amusez-vous \u00e0 tester vos connaissances et&#8230;<\/p>\n","protected":false},"author":1,"featured_media":0,"parent":0,"menu_order":0,"comment_status":"closed","ping_status":"closed","template":"full_width.php","meta":{"footnotes":""},"class_list":["post-141","page","type-page","status-publish","hentry"],"yoast_head":"<!-- This site is optimized with the Yoast SEO plugin v25.2 - https:\/\/yoast.com\/wordpress\/plugins\/seo\/ -->\n<title>Jeux : test connaissances consignes s\u00e9curit\u00e9 fleuve Rh\u00f4ne<\/title>\n<meta name=\"description\" content=\"Testez vos connaissances sur les consignes de s\u00e9curit\u00e9 au bord du Rh\u00f4ne pour plus de prudence : quiz, 7 diff\u00e9rences, \u2026\" \/>\n<meta name=\"robots\" content=\"index, follow, max-snippet:-1, max-image-preview:large, max-video-preview:-1\" \/>\n<link rel=\"canonical\" href=\"https:\/\/cnr.etcompagnie-le-lab.fr\/index.php\/jouez-avec-louloute\/\" \/>\n<meta property=\"og:locale\" content=\"fr_FR\" \/>\n<meta property=\"og:type\" content=\"article\" \/>\n<meta property=\"og:title\" content=\"Jeux : test connaissances consignes s\u00e9curit\u00e9 fleuve Rh\u00f4ne\" \/>\n<meta property=\"og:description\" content=\"Testez vos connaissances sur les consignes de s\u00e9curit\u00e9 au bord du Rh\u00f4ne pour plus de prudence : quiz, 7 diff\u00e9rences, \u2026\" \/>\n<meta property=\"og:url\" content=\"https:\/\/cnr.etcompagnie-le-lab.fr\/index.php\/jouez-avec-louloute\/\" \/>\n<meta property=\"og:site_name\" content=\"CNR louloute\" \/>\n<meta property=\"article:modified_time\" content=\"2023-06-12T15:35:28+00:00\" \/>\n<meta name=\"twitter:card\" content=\"summary_large_image\" \/>\n<meta name=\"twitter:label1\" content=\"Dur\u00e9e de lecture estim\u00e9e\" \/>\n\t<meta name=\"twitter:data1\" content=\"3 minutes\" \/>\n<script type=\"application\/ld+json\" class=\"yoast-schema-graph\">{\"@context\":\"https:\/\/schema.org\",\"@graph\":[{\"@type\":\"WebPage\",\"@id\":\"https:\/\/cnr.etcompagnie-le-lab.fr\/index.php\/jouez-avec-louloute\/\",\"url\":\"https:\/\/cnr.etcompagnie-le-lab.fr\/index.php\/jouez-avec-louloute\/\",\"name\":\"Jeux : test connaissances consignes s\u00e9curit\u00e9 fleuve Rh\u00f4ne\",\"isPartOf\":{\"@id\":\"https:\/\/cnr.etcompagnie-le-lab.fr\/#website\"},\"datePublished\":\"2022-06-21T13:50:22+00:00\",\"dateModified\":\"2023-06-12T15:35:28+00:00\",\"description\":\"Testez vos connaissances sur les consignes de s\u00e9curit\u00e9 au bord du Rh\u00f4ne pour plus de prudence : quiz, 7 diff\u00e9rences, \u2026\",\"breadcrumb\":{\"@id\":\"https:\/\/cnr.etcompagnie-le-lab.fr\/index.php\/jouez-avec-louloute\/#breadcrumb\"},\"inLanguage\":\"fr-FR\",\"potentialAction\":[{\"@type\":\"ReadAction\",\"target\":[\"https:\/\/cnr.etcompagnie-le-lab.fr\/index.php\/jouez-avec-louloute\/\"]}]},{\"@type\":\"BreadcrumbList\",\"@id\":\"https:\/\/cnr.etcompagnie-le-lab.fr\/index.php\/jouez-avec-louloute\/#breadcrumb\",\"itemListElement\":[{\"@type\":\"ListItem\",\"position\":1,\"name\":\"Accueil\",\"item\":\"https:\/\/cnr.etcompagnie-le-lab.fr\/\"},{\"@type\":\"ListItem\",\"position\":2,\"name\":\"Jeux\"}]},{\"@type\":\"WebSite\",\"@id\":\"https:\/\/cnr.etcompagnie-le-lab.fr\/#website\",\"url\":\"https:\/\/cnr.etcompagnie-le-lab.fr\/\",\"name\":\"CNR louloute la loutre\",\"description\":\"Louloute La loutre | Les loisirs au fil de l&#039;eau\",\"publisher\":{\"@id\":\"https:\/\/cnr.etcompagnie-le-lab.fr\/#organization\"},\"potentialAction\":[{\"@type\":\"SearchAction\",\"target\":{\"@type\":\"EntryPoint\",\"urlTemplate\":\"https:\/\/cnr.etcompagnie-le-lab.fr\/?s={search_term_string}\"},\"query-input\":{\"@type\":\"PropertyValueSpecification\",\"valueRequired\":true,\"valueName\":\"search_term_string\"}}],\"inLanguage\":\"fr-FR\"},{\"@type\":\"Organization\",\"@id\":\"https:\/\/cnr.etcompagnie-le-lab.fr\/#organization\",\"name\":\"CNR\",\"url\":\"https:\/\/cnr.etcompagnie-le-lab.fr\/\",\"logo\":{\"@type\":\"ImageObject\",\"inLanguage\":\"fr-FR\",\"@id\":\"https:\/\/cnr.etcompagnie-le-lab.fr\/#\/schema\/logo\/image\/\",\"url\":\"https:\/\/www.cnr-louloutelaloutre.fr\/wp-content\/uploads\/2022\/07\/logo-cnr-sans-bulle.png\",\"contentUrl\":\"https:\/\/www.cnr-louloutelaloutre.fr\/wp-content\/uploads\/2022\/07\/logo-cnr-sans-bulle.png\",\"width\":471,\"height\":203,\"caption\":\"CNR\"},\"image\":{\"@id\":\"https:\/\/cnr.etcompagnie-le-lab.fr\/#\/schema\/logo\/image\/\"}}]}<\/script>\n<!-- \/ Yoast SEO plugin. -->","yoast_head_json":{"title":"Jeux : test connaissances consignes s\u00e9curit\u00e9 fleuve Rh\u00f4ne","description":"Testez vos connaissances sur les consignes de s\u00e9curit\u00e9 au bord du Rh\u00f4ne pour plus de prudence : quiz, 7 diff\u00e9rences, \u2026","robots":{"index":"index","follow":"follow","max-snippet":"max-snippet:-1","max-image-preview":"max-image-preview:large","max-video-preview":"max-video-preview:-1"},"canonical":"https:\/\/cnr.etcompagnie-le-lab.fr\/index.php\/jouez-avec-louloute\/","og_locale":"fr_FR","og_type":"article","og_title":"Jeux : test connaissances consignes s\u00e9curit\u00e9 fleuve Rh\u00f4ne","og_description":"Testez vos connaissances sur les consignes de s\u00e9curit\u00e9 au bord du Rh\u00f4ne pour plus de prudence : quiz, 7 diff\u00e9rences, \u2026","og_url":"https:\/\/cnr.etcompagnie-le-lab.fr\/index.php\/jouez-avec-louloute\/","og_site_name":"CNR louloute","article_modified_time":"2023-06-12T15:35:28+00:00","twitter_card":"summary_large_image","twitter_misc":{"Dur\u00e9e de lecture estim\u00e9e":"3 minutes"},"schema":{"@context":"https:\/\/schema.org","@graph":[{"@type":"WebPage","@id":"https:\/\/cnr.etcompagnie-le-lab.fr\/index.php\/jouez-avec-louloute\/","url":"https:\/\/cnr.etcompagnie-le-lab.fr\/index.php\/jouez-avec-louloute\/","name":"Jeux : test connaissances consignes s\u00e9curit\u00e9 fleuve Rh\u00f4ne","isPartOf":{"@id":"https:\/\/cnr.etcompagnie-le-lab.fr\/#website"},"datePublished":"2022-06-21T13:50:22+00:00","dateModified":"2023-06-12T15:35:28+00:00","description":"Testez vos connaissances sur les consignes de s\u00e9curit\u00e9 au bord du Rh\u00f4ne pour plus de prudence : quiz, 7 diff\u00e9rences, \u2026","breadcrumb":{"@id":"https:\/\/cnr.etcompagnie-le-lab.fr\/index.php\/jouez-avec-louloute\/#breadcrumb"},"inLanguage":"fr-FR","potentialAction":[{"@type":"ReadAction","target":["https:\/\/cnr.etcompagnie-le-lab.fr\/index.php\/jouez-avec-louloute\/"]}]},{"@type":"BreadcrumbList","@id":"https:\/\/cnr.etcompagnie-le-lab.fr\/index.php\/jouez-avec-louloute\/#breadcrumb","itemListElement":[{"@type":"ListItem","position":1,"name":"Accueil","item":"https:\/\/cnr.etcompagnie-le-lab.fr\/"},{"@type":"ListItem","position":2,"name":"Jeux"}]},{"@type":"WebSite","@id":"https:\/\/cnr.etcompagnie-le-lab.fr\/#website","url":"https:\/\/cnr.etcompagnie-le-lab.fr\/","name":"CNR louloute la loutre","description":"Louloute La loutre | Les loisirs au fil de l&#039;eau","publisher":{"@id":"https:\/\/cnr.etcompagnie-le-lab.fr\/#organization"},"potentialAction":[{"@type":"SearchAction","target":{"@type":"EntryPoint","urlTemplate":"https:\/\/cnr.etcompagnie-le-lab.fr\/?s={search_term_string}"},"query-input":{"@type":"PropertyValueSpecification","valueRequired":true,"valueName":"search_term_string"}}],"inLanguage":"fr-FR"},{"@type":"Organization","@id":"https:\/\/cnr.etcompagnie-le-lab.fr\/#organization","name":"CNR","url":"https:\/\/cnr.etcompagnie-le-lab.fr\/","logo":{"@type":"ImageObject","inLanguage":"fr-FR","@id":"https:\/\/cnr.etcompagnie-le-lab.fr\/#\/schema\/logo\/image\/","url":"https:\/\/www.cnr-louloutelaloutre.fr\/wp-content\/uploads\/2022\/07\/logo-cnr-sans-bulle.png","contentUrl":"https:\/\/www.cnr-louloutelaloutre.fr\/wp-content\/uploads\/2022\/07\/logo-cnr-sans-bulle.png","width":471,"height":203,"caption":"CNR"},"image":{"@id":"https:\/\/cnr.etcompagnie-le-lab.fr\/#\/schema\/logo\/image\/"}}]}},"_links":{"self":[{"href":"https:\/\/cnr.etcompagnie-le-lab.fr\/index.php\/wp-json\/wp\/v2\/pages\/141","targetHints":{"allow":["GET"]}}],"collection":[{"href":"https:\/\/cnr.etcompagnie-le-lab.fr\/index.php\/wp-json\/wp\/v2\/pages"}],"about":[{"href":"https:\/\/cnr.etcompagnie-le-lab.fr\/index.php\/wp-json\/wp\/v2\/types\/page"}],"author":[{"embeddable":true,"href":"https:\/\/cnr.etcompagnie-le-lab.fr\/index.php\/wp-json\/wp\/v2\/users\/1"}],"replies":[{"embeddable":true,"href":"https:\/\/cnr.etcompagnie-le-lab.fr\/index.php\/wp-json\/wp\/v2\/comments?post=141"}],"version-history":[{"count":14,"href":"https:\/\/cnr.etcompagnie-le-lab.fr\/index.php\/wp-json\/wp\/v2\/pages\/141\/revisions"}],"predecessor-version":[{"id":183,"href":"https:\/\/cnr.etcompagnie-le-lab.fr\/index.php\/wp-json\/wp\/v2\/pages\/141\/revisions\/183"}],"wp:attachment":[{"href":"https:\/\/cnr.etcompagnie-le-lab.fr\/index.php\/wp-json\/wp\/v2\/media?parent=141"}],"curies":[{"name":"wp","href":"https:\/\/api.w.org\/{rel}","templated":true}]}}