{"id":154,"date":"2022-06-21T16:10:17","date_gmt":"2022-06-21T14:10:17","guid":{"rendered":"https:\/\/cnr-prod-wa-louloute.azurewebsites.net\/?page_id=154"},"modified":"2022-06-21T16:20:16","modified_gmt":"2022-06-21T14:20:16","slug":"donnees-personnelles","status":"publish","type":"page","link":"https:\/\/cnr.etcompagnie-le-lab.fr\/index.php\/donnees-personnelles\/","title":{"rendered":"Donn\u00e9es personnelles"},"content":{"rendered":"<div class=\"wpb-content-wrapper\"><p>[vc_row css_animation=\u00a0\u00bb\u00a0\u00bb row_type=\u00a0\u00bbrow\u00a0\u00bb use_row_as_full_screen_section=\u00a0\u00bbno\u00a0\u00bb type=\u00a0\u00bbgrid\u00a0\u00bb angled_section=\u00a0\u00bbno\u00a0\u00bb text_align=\u00a0\u00bbcenter\u00a0\u00bb background_image_as_pattern=\u00a0\u00bbwithout_pattern\u00a0\u00bb z_index=\u00a0\u00bb\u00a0\u00bb css=\u00a0\u00bb.vc_custom_1516977299669{padding-top: 175px !important;padding-bottom: 50px !important;}\u00a0\u00bb][vc_column][qode_elements_holder number_of_columns=\u00a0\u00bbone_column\u00a0\u00bb][qode_elements_holder_item vertical_alignment=\u00a0\u00bbmiddle\u00a0\u00bb horizontal_alignment=\u00a0\u00bbleft\u00a0\u00bb advanced_animations=\u00a0\u00bbno\u00a0\u00bb item_padding=\u00a0\u00bb0px 2%\u00a0\u00bb item_padding_1280_1440=\u00a0\u00bb0px 27%\u00a0\u00bb item_padding_1024_1280=\u00a0\u00bb0px 27%\u00a0\u00bb item_padding_768_1024=\u00a0\u00bb0px 24%\u00a0\u00bb item_padding_600_768=\u00a0\u00bb0px 11%\u00a0\u00bb item_padding_480_600=\u00a0\u00bb0px\u00a0\u00bb item_padding_480=\u00a0\u00bb0px\u00a0\u00bb][vc_column_text]<\/p>\n<h1 style=\"text-align: center;\">Vos donn\u00e9es personnelles<\/h1>\n<p>[\/vc_column_text][vc_empty_space height=\u00a0\u00bb40px\u00a0\u00bb][vc_column_text]<strong>Chez CNR, votre vie priv\u00e9e est une priorit\u00e9<\/strong><\/p>\n<p>&nbsp;<\/p>\n<p>Pour \u00eatre le plus transparent possible avec vous, nous d\u00e9taillons, dans un premier temps, notre politique de protection des donn\u00e9es \u00e0 caract\u00e8re personnel. Dans un deuxi\u00e8me temps, nous vous pr\u00e9sentons comment vos donn\u00e9es \u00e0 caract\u00e8re personnel permettent \u00e0 nos services de fonctionner, comment nous les collectons, comment nous nous assurons de leur bonne utilisation et de leur protection.<\/p>\n<p>&nbsp;<\/p>\n<p><strong>Notre politique de protection des donn\u00e9es \u00e0 caract\u00e8re personnel<\/strong><\/p>\n<p>Le traitement des donn\u00e9es \u00e0 caract\u00e8re personnel collect\u00e9es sur le site Internet <a href=\"https:\/\/cnr.etcompagnie-le-lab.fr\/\">cnr-louloutelaloutre.fr<\/a>\u00a0est mis en \u0153uvre par la soci\u00e9t\u00e9 CNR, soci\u00e9t\u00e9 anonyme au capital de 5\u00a0488 164 euros, immatricul\u00e9e au Registre du Commerce et des Soci\u00e9t\u00e9s de Lyon, sous le num\u00e9ro 957\u00a0520\u00a0901 dont le si\u00e8ge est situ\u00e9 4 rue Andr\u00e9 Bonin 69004 Lyon \u2013 France.<\/p>\n<p>&nbsp;<\/p>\n<p>Conform\u00e9ment \u00e0 la Loi \u00ab\u00a0Informatique et Libert\u00e9s\u00a0\u00bb modifi\u00e9e, la collecte et le traitement de vos donn\u00e9es \u00e0 caract\u00e8re personnel par CNR sont n\u00e9cessaires pour le traitement des demandes de renseignements grand public. La base l\u00e9gale du traitement est l\u2019int\u00e9r\u00eat l\u00e9gitime (cf. article 6.1.f du R\u00e8glement europ\u00e9en sur la protection des donn\u00e9es). Les donn\u00e9es trait\u00e9es sont\u00a0: nom, pr\u00e9nom, adresse mail. CNR est \u00e9galement susceptible d\u2019utiliser les donn\u00e9es de navigation collect\u00e9es sur son site internet et de les associer avec d\u2019autres donn\u00e9es.<\/p>\n<p>Les destinataires de ces donn\u00e9es personnelles, sont, dans le strict cadre des finalit\u00e9s \u00e9nonc\u00e9es ci-dessus\u00a0: les personnels d\u00fbment habilit\u00e9s de CNR, leurs prestataires, partenaires et sous-traitants, dans le cas pr\u00e9sent\u00a0: Etcompagnie.<\/p>\n<p>Les donn\u00e9es trait\u00e9es sont conserv\u00e9es uniquement pendant la dur\u00e9e n\u00e9cessaire \u00e0 la r\u00e9alisation des finalit\u00e9s d\u00e9crites ci-dessus, dans la limite des d\u00e9lais de prescription en vigueur. Les donn\u00e9es sont conserv\u00e9es pendant un d\u00e9lai maximum de cinq (5) ans \u00e0 compter de leur collecte ou du dernier contact \u00e9manant de l\u2019individu.<\/p>\n<p>&nbsp;<\/p>\n<p>\u00c0 tout moment, l\u2019utilisateur du site Internet\u00a0<a href=\"https:\/\/cnr.etcompagnie-le-lab.fr\/\">cnr-louloutelaloutre.fr<\/a>\u00a0a la possibilit\u00e9 de s\u2019opposer au d\u00e9p\u00f4t de cookies sur son terminal et en d\u00e9sactivant les cookies \u00e9ventuellement d\u00e9j\u00e0 d\u00e9pos\u00e9s.<\/p>\n<p>&nbsp;<\/p>\n<p>Vous disposez d\u2019un droit d\u2019acc\u00e8s, de rectification et d\u2019effacement de vos donn\u00e9es personnelles. Lorsqu\u2019un consentement est n\u00e9cessaire au traitement, vous disposez du droit de le retirer. Sous certaines conditions r\u00e8glementaires, vous disposez du droit de demander la limitation du traitement ou de vous y opposer. Vous pouvez exercer ces diff\u00e9rents droits en contactant directement le service D\u00e9l\u00e9gu\u00e9 \u00e0 la Protection des Donn\u00e9es (DPD) par courrier en \u00e9crivant \u00e0 l\u2019adresse\u00a0suivante :<\/p>\n<p>&nbsp;<\/p>\n<p>CNR<\/p>\n<p>D\u00e9l\u00e9gu\u00e9 \u00e0 la Protection des donn\u00e9es, DJEA<\/p>\n<p>2 rue Andr\u00e9 Bonin<\/p>\n<p>69316 Lyon Cedex 04<\/p>\n<p><a href=\"https:\/\/www.cnr.tm.fr\/contact\/\">Envoyer un mail<\/a><\/p>\n<p>&nbsp;<\/p>\n<p>Si vous choisissez de faire valoir vos droits via courrier, vous devez justifier de votre identit\u00e9 en joignant une copie de votre Carte Nationale d&rsquo;Identit\u00e9.<\/p>\n<p>&nbsp;<\/p>\n<p>Vous pouvez \u00e9galement demander la portabilit\u00e9 des donn\u00e9es que vous avez transmises lorsqu\u2019elles \u00e9taient n\u00e9cessaires au contrat ou lorsque votre consentement \u00e9tait requis.<\/p>\n<p>&nbsp;<\/p>\n<p>Vous disposez \u00e9galement du droit de pr\u00e9voir des directives relatives au sort de vos donn\u00e9es \u00e0 caract\u00e8re personnel apr\u00e8s votre d\u00e9c\u00e8s.<\/p>\n<p>&nbsp;<\/p>\n<p>Les r\u00e9clamations touchant \u00e0 la collecte ou au traitement de vos donn\u00e9es \u00e0 caract\u00e8re personnel pourront \u00eatre adress\u00e9es au service du D\u00e9l\u00e9gu\u00e9 \u00e0 la Protection des Donn\u00e9es (DPD), dont les coordonn\u00e9es ont \u00e9t\u00e9 pr\u00e9cis\u00e9es ci-dessus. En cas de d\u00e9saccord persistant concernant vos donn\u00e9es, vous avez le droit de saisir la CNIL (autorit\u00e9 de contr\u00f4le concern\u00e9e) \u00e0 l\u2019adresse suivante\u00a0:<\/p>\n<p>&nbsp;<\/p>\n<p>Commission Nationale Informatique et Libert\u00e9s<\/p>\n<p>3 place de Fontenoy<\/p>\n<p>75007 Paris<\/p>\n<p><a href=\"https:\/\/www.cnil.fr\/fr\/vous-souhaitez-contacter-la-cnil\">https:\/\/www.cnil.fr\/fr\/vous-souhaitez-contacter-la-cnil<\/a><\/p>\n<p>01 53 73 22 22<\/p>\n<p>&nbsp;<\/p>\n<p><strong>C\u2019est quoi au juste, une donn\u00e9e \u00e0 caract\u00e8re personnel ?<\/strong><\/p>\n<p>&nbsp;<\/p>\n<p>C\u2019est une donn\u00e9e qui peut \u00eatre utilis\u00e9e pour vous reconna\u00eetre directement ou indirectement. Il peut s\u2019agir par exemple de votre nom, votre adresse postale, votre num\u00e9ro de t\u00e9l\u00e9phone ou votre adresse email.<\/p>\n<p>&nbsp;<\/p>\n<p>2 types de donn\u00e9es peuvent \u00eatre collect\u00e9es par CNR :<\/p>\n<ul>\n<li>Vos donn\u00e9es de contact : nom, pr\u00e9nom, adresse mail&#8230;<\/li>\n<li>Votre comportement sur nos sites : dur\u00e9e de la visite, boutons cliqu\u00e9s\u2026<\/li>\n<\/ul>\n<p>&nbsp;<\/p>\n<p>Nous utilisons notamment ces informations pour communiquer avec vous. Des op\u00e9rations, appel\u00e9es traitements sont effectu\u00e9es sur vos donn\u00e9es comme la collecte, le stockage, l&rsquo;utilisation&#8230;\u00a0Pour en savoir plus, consultez les d\u00e9finitions compl\u00e8tes sur le site de la CNIL.<\/p>\n<p>&nbsp;<\/p>\n<p><strong>Vos donn\u00e9es sont essentielles \u00e0 la qualit\u00e9 de nos services et de votre exp\u00e9rience.<\/strong><\/p>\n<p>&nbsp;<\/p>\n<p>Vos donn\u00e9es nous sont essentielles pour vous offrir un service \u00e0 la hauteur de vos attentes en termes de simplicit\u00e9 et de fluidit\u00e9. Gr\u00e2ce \u00e0 elles, nous pouvons am\u00e9liorer nos services. Par exemple, en analysant vos retours et commentaires \u00e0 la suite de votre navigation sur notre site.<\/p>\n<p><strong>\u00a0<\/strong><\/p>\n<p><strong>Vous nous communiquez vos donn\u00e9es lorsque vous utilisez nos services.<\/strong><\/p>\n<p>&nbsp;<\/p>\n<ul>\n<li><strong>Des donn\u00e9es contextuelles<\/strong>comme des informations de navigation sur notre site, lorsque vous nous laissez un commentaire &#8230;<\/li>\n<li><strong>Des cookies<\/strong>: quand vous visitez n\u2019importe quel site internet, ces petits fichiers gardent une empreinte de votre session de navigation.<\/li>\n<\/ul>\n<p>&nbsp;<\/p>\n<p><strong>Vos donn\u00e9es sont entre de bonnes mains<\/strong><\/p>\n<p>&nbsp;<\/p>\n<p>Les donn\u00e9es que vous nous communiquez via notre site sont utilis\u00e9es avant tout pour satisfaire votre demande. Elles sont collect\u00e9es pour les services internes CNR et pour nos sous-traitants qui se sont engag\u00e9s contractuellement \u00e0 respecter la l\u00e9gislation europ\u00e9enne, m\u00eame dans le cas o\u00f9 ils seraient situ\u00e9s en dehors de l\u2019Union Europ\u00e9enne.<\/p>\n<p>Conform\u00e9ment \u00e0 la r\u00e9glementation, nous pouvons \u00eatre amen\u00e9s \u00e0 transf\u00e9rer vos donn\u00e9es \u00e0 des tiers autoris\u00e9es comme des juridictions ou des autorit\u00e9s de contr\u00f4le.<\/p>\n<p>&nbsp;<\/p>\n<p><strong>Nous ne conservons jamais vos donn\u00e9es plus longtemps que n\u00e9cessaire<\/strong><\/p>\n<p>&nbsp;<\/p>\n<p>Nous respectons les recommandations du l\u00e9gislateur sur la conservation des donn\u00e9es. Certaines donn\u00e9es personnelles peuvent \u00eatre conserv\u00e9es pendant 5 ans apr\u00e8s la date de fin du contrat pour des raisons l\u00e9gales.<\/p>\n<p><strong>\u00a0<\/strong><\/p>\n<p><strong>Vos droits : acc\u00e9der, rectifier, vous opposer&#8230;<\/strong><\/p>\n<p>&nbsp;<\/p>\n<p>Vous disposez de plusieurs droits concernant vos donn\u00e9es \u00e0 caract\u00e8re personnel, notamment le droit d\u2019acc\u00e9der, rectifier et supprimer vos donn\u00e9es \u00e0 caract\u00e8re personnel. Vous pouvez \u00e9galement en demander la portabilit\u00e9, vous opposer \u00e0 certains traitements r\u00e9alis\u00e9s ou en demander la limitation.<\/p>\n<p>&nbsp;<\/p>\n<p>Pour exercer ces droits, adressez-vous directement au service D\u00e9l\u00e9gu\u00e9 \u00e0 la Protection des Donn\u00e9es (DPD) par courrier en \u00e9crivant \u00e0 l\u2019adresse\u00a0suivante :<\/p>\n<p>&nbsp;<\/p>\n<p>CNR<\/p>\n<p>D\u00e9l\u00e9gu\u00e9 \u00e0 la Protection des donn\u00e9es, DJEA<\/p>\n<p>2 rue Andr\u00e9 Bonin<\/p>\n<p>69316 Lyon Cedex 04<\/p>\n<p><a href=\"https:\/\/www.cnr.tm.fr\/contact\/\">Envoyer un mail<\/a><\/p>\n<p>&nbsp;<\/p>\n<p>Si vous choisissez de faire valoir vos droits via courrier, vous devez justifier de votre identit\u00e9 en joignant une copie de votre Carte Nationale d&rsquo;Identit\u00e9.<\/p>\n<p>&nbsp;<\/p>\n<p><strong>CNR prot\u00e8ge votre vie priv\u00e9e<\/strong><\/p>\n<p>&nbsp;<\/p>\n<p>Nous mettons en \u0153uvre des mesures de s\u00e9curit\u00e9 adapt\u00e9es pour prot\u00e9ger les donn\u00e9es personnelles contre toute intrusion malveillante, toute perte, alt\u00e9ration ou divulgation \u00e0 des tiers non autoris\u00e9s.<\/p>\n<p>&nbsp;<\/p>\n<p>Le syst\u00e8me d\u2019information, les serveurs et les r\u00e9seaux que nous utilisons pour traiter et stocker les donn\u00e9es personnelles sont dot\u00e9s de syst\u00e8mes de s\u00e9curit\u00e9 et de protection (chiffrement des donn\u00e9es, pare-feu, redondance, sauvegarde, etc.).<\/p>\n<p>&nbsp;<\/p>\n<p>Nous ne d\u00e9livrons des autorisations d\u2019acc\u00e8s \u00e0 notre syst\u00e8me d\u2019information qu\u2019aux seuls collaborateurs qui en ont besoin pour exercer leurs fonctions. De plus, nous sensibilisons nos collaborateurs \u00e0 la protection des donn\u00e9es personnelles mises \u00e0 leur disposition dans le cadre de leurs fonctions.<\/p>\n<p>&nbsp;<\/p>\n<p>Nous imposons \u00e0 nos prestataires de se conformer \u00e0 ces m\u00eames principes de protection.<\/p>\n<p>&nbsp;<\/p>\n<p>La pr\u00e9sente Charte peut \u00eatre amen\u00e9e \u00e0 \u00e9voluer \u00e0 tout moment, en raison notamment de l\u2019introduction de nouveaux services ou de nouvelles technologies, ou encore d\u2019\u00e9volutions du cadre l\u00e9gislatif et r\u00e9glementaire.<\/p>\n<p>Nous vous invitons \u00e0 consulter cette page r\u00e9guli\u00e8rement pour prendre connaissance de modifications \u00e9ventuelles.[\/vc_column_text][\/qode_elements_holder_item][\/qode_elements_holder][\/vc_column][\/vc_row]<\/p>\n<\/div>","protected":false},"excerpt":{"rendered":"<p>[vc_row css_animation=\u00a0\u00bb\u00a0\u00bb row_type=\u00a0\u00bbrow\u00a0\u00bb use_row_as_full_screen_section=\u00a0\u00bbno\u00a0\u00bb type=\u00a0\u00bbgrid\u00a0\u00bb angled_section=\u00a0\u00bbno\u00a0\u00bb text_align=\u00a0\u00bbcenter\u00a0\u00bb background_image_as_pattern=\u00a0\u00bbwithout_pattern\u00a0\u00bb z_index=\u00a0\u00bb\u00a0\u00bb css=\u00a0\u00bb.vc_custom_1516977299669{padding-top: 175px !important;padding-bottom: 50px !important;}\u00a0\u00bb][vc_column][qode_elements_holder number_of_columns=\u00a0\u00bbone_column\u00a0\u00bb][qode_elements_holder_item vertical_alignment=\u00a0\u00bbmiddle\u00a0\u00bb horizontal_alignment=\u00a0\u00bbleft\u00a0\u00bb advanced_animations=\u00a0\u00bbno\u00a0\u00bb item_padding=\u00a0\u00bb0px 2%\u00a0\u00bb item_padding_1280_1440=\u00a0\u00bb0px 27%\u00a0\u00bb item_padding_1024_1280=\u00a0\u00bb0px 27%\u00a0\u00bb item_padding_768_1024=\u00a0\u00bb0px 24%\u00a0\u00bb item_padding_600_768=\u00a0\u00bb0px 11%\u00a0\u00bb item_padding_480_600=\u00a0\u00bb0px\u00a0\u00bb item_padding_480=\u00a0\u00bb0px\u00a0\u00bb][vc_column_text] Vos donn\u00e9es personnelles [\/vc_column_text][vc_empty_space height=\u00a0\u00bb40px\u00a0\u00bb][vc_column_text]Chez CNR, votre vie priv\u00e9e est une priorit\u00e9 &nbsp; Pour \u00eatre&#8230;<\/p>\n","protected":false},"author":1,"featured_media":0,"parent":0,"menu_order":0,"comment_status":"closed","ping_status":"closed","template":"","meta":{"footnotes":""},"class_list":["post-154","page","type-page","status-publish","hentry"],"yoast_head":"<!-- This site is optimized with the Yoast SEO plugin v25.2 - https:\/\/yoast.com\/wordpress\/plugins\/seo\/ -->\n<title>Donn\u00e9es personnelles - CNR louloute<\/title>\n<meta name=\"robots\" content=\"index, follow, max-snippet:-1, max-image-preview:large, max-video-preview:-1\" \/>\n<link rel=\"canonical\" href=\"https:\/\/cnr.etcompagnie-le-lab.fr\/index.php\/donnees-personnelles\/\" \/>\n<meta property=\"og:locale\" content=\"fr_FR\" \/>\n<meta property=\"og:type\" content=\"article\" \/>\n<meta property=\"og:title\" content=\"Donn\u00e9es personnelles - CNR louloute\" \/>\n<meta property=\"og:description\" content=\"[vc_row css_animation=\u00a0\u00bb\u00a0\u00bb row_type=\u00a0\u00bbrow\u00a0\u00bb use_row_as_full_screen_section=\u00a0\u00bbno\u00a0\u00bb type=\u00a0\u00bbgrid\u00a0\u00bb angled_section=\u00a0\u00bbno\u00a0\u00bb text_align=\u00a0\u00bbcenter\u00a0\u00bb background_image_as_pattern=\u00a0\u00bbwithout_pattern\u00a0\u00bb z_index=\u00a0\u00bb\u00a0\u00bb css=\u00a0\u00bb.vc_custom_1516977299669{padding-top: 175px !important;padding-bottom: 50px !important;}\u00a0\u00bb][vc_column][qode_elements_holder number_of_columns=\u00a0\u00bbone_column\u00a0\u00bb][qode_elements_holder_item vertical_alignment=\u00a0\u00bbmiddle\u00a0\u00bb horizontal_alignment=\u00a0\u00bbleft\u00a0\u00bb advanced_animations=\u00a0\u00bbno\u00a0\u00bb item_padding=\u00a0\u00bb0px 2%\u00a0\u00bb item_padding_1280_1440=\u00a0\u00bb0px 27%\u00a0\u00bb item_padding_1024_1280=\u00a0\u00bb0px 27%\u00a0\u00bb item_padding_768_1024=\u00a0\u00bb0px 24%\u00a0\u00bb item_padding_600_768=\u00a0\u00bb0px 11%\u00a0\u00bb item_padding_480_600=\u00a0\u00bb0px\u00a0\u00bb item_padding_480=\u00a0\u00bb0px\u00a0\u00bb][vc_column_text] Vos donn\u00e9es personnelles [\/vc_column_text][vc_empty_space height=\u00a0\u00bb40px\u00a0\u00bb][vc_column_text]Chez CNR, votre vie priv\u00e9e est une priorit\u00e9 &nbsp; Pour \u00eatre...\" \/>\n<meta property=\"og:url\" content=\"https:\/\/cnr.etcompagnie-le-lab.fr\/index.php\/donnees-personnelles\/\" \/>\n<meta property=\"og:site_name\" content=\"CNR louloute\" \/>\n<meta property=\"article:modified_time\" content=\"2022-06-21T14:20:16+00:00\" \/>\n<meta name=\"twitter:card\" content=\"summary_large_image\" \/>\n<meta name=\"twitter:label1\" content=\"Dur\u00e9e de lecture estim\u00e9e\" \/>\n\t<meta name=\"twitter:data1\" content=\"7 minutes\" \/>\n<script type=\"application\/ld+json\" class=\"yoast-schema-graph\">{\"@context\":\"https:\/\/schema.org\",\"@graph\":[{\"@type\":\"WebPage\",\"@id\":\"https:\/\/cnr.etcompagnie-le-lab.fr\/index.php\/donnees-personnelles\/\",\"url\":\"https:\/\/cnr.etcompagnie-le-lab.fr\/index.php\/donnees-personnelles\/\",\"name\":\"Donn\u00e9es personnelles - CNR louloute\",\"isPartOf\":{\"@id\":\"https:\/\/cnr.etcompagnie-le-lab.fr\/#website\"},\"datePublished\":\"2022-06-21T14:10:17+00:00\",\"dateModified\":\"2022-06-21T14:20:16+00:00\",\"breadcrumb\":{\"@id\":\"https:\/\/cnr.etcompagnie-le-lab.fr\/index.php\/donnees-personnelles\/#breadcrumb\"},\"inLanguage\":\"fr-FR\",\"potentialAction\":[{\"@type\":\"ReadAction\",\"target\":[\"https:\/\/cnr.etcompagnie-le-lab.fr\/index.php\/donnees-personnelles\/\"]}]},{\"@type\":\"BreadcrumbList\",\"@id\":\"https:\/\/cnr.etcompagnie-le-lab.fr\/index.php\/donnees-personnelles\/#breadcrumb\",\"itemListElement\":[{\"@type\":\"ListItem\",\"position\":1,\"name\":\"Accueil\",\"item\":\"https:\/\/cnr.etcompagnie-le-lab.fr\/\"},{\"@type\":\"ListItem\",\"position\":2,\"name\":\"Donn\u00e9es personnelles\"}]},{\"@type\":\"WebSite\",\"@id\":\"https:\/\/cnr.etcompagnie-le-lab.fr\/#website\",\"url\":\"https:\/\/cnr.etcompagnie-le-lab.fr\/\",\"name\":\"CNR louloute la loutre\",\"description\":\"Louloute La loutre | Les loisirs au fil de l&#039;eau\",\"publisher\":{\"@id\":\"https:\/\/cnr.etcompagnie-le-lab.fr\/#organization\"},\"potentialAction\":[{\"@type\":\"SearchAction\",\"target\":{\"@type\":\"EntryPoint\",\"urlTemplate\":\"https:\/\/cnr.etcompagnie-le-lab.fr\/?s={search_term_string}\"},\"query-input\":{\"@type\":\"PropertyValueSpecification\",\"valueRequired\":true,\"valueName\":\"search_term_string\"}}],\"inLanguage\":\"fr-FR\"},{\"@type\":\"Organization\",\"@id\":\"https:\/\/cnr.etcompagnie-le-lab.fr\/#organization\",\"name\":\"CNR\",\"url\":\"https:\/\/cnr.etcompagnie-le-lab.fr\/\",\"logo\":{\"@type\":\"ImageObject\",\"inLanguage\":\"fr-FR\",\"@id\":\"https:\/\/cnr.etcompagnie-le-lab.fr\/#\/schema\/logo\/image\/\",\"url\":\"https:\/\/www.cnr-louloutelaloutre.fr\/wp-content\/uploads\/2022\/07\/logo-cnr-sans-bulle.png\",\"contentUrl\":\"https:\/\/www.cnr-louloutelaloutre.fr\/wp-content\/uploads\/2022\/07\/logo-cnr-sans-bulle.png\",\"width\":471,\"height\":203,\"caption\":\"CNR\"},\"image\":{\"@id\":\"https:\/\/cnr.etcompagnie-le-lab.fr\/#\/schema\/logo\/image\/\"}}]}<\/script>\n<!-- \/ Yoast SEO plugin. -->","yoast_head_json":{"title":"Donn\u00e9es personnelles - CNR louloute","robots":{"index":"index","follow":"follow","max-snippet":"max-snippet:-1","max-image-preview":"max-image-preview:large","max-video-preview":"max-video-preview:-1"},"canonical":"https:\/\/cnr.etcompagnie-le-lab.fr\/index.php\/donnees-personnelles\/","og_locale":"fr_FR","og_type":"article","og_title":"Donn\u00e9es personnelles - CNR louloute","og_description":"[vc_row css_animation=\u00a0\u00bb\u00a0\u00bb row_type=\u00a0\u00bbrow\u00a0\u00bb use_row_as_full_screen_section=\u00a0\u00bbno\u00a0\u00bb type=\u00a0\u00bbgrid\u00a0\u00bb angled_section=\u00a0\u00bbno\u00a0\u00bb text_align=\u00a0\u00bbcenter\u00a0\u00bb background_image_as_pattern=\u00a0\u00bbwithout_pattern\u00a0\u00bb z_index=\u00a0\u00bb\u00a0\u00bb css=\u00a0\u00bb.vc_custom_1516977299669{padding-top: 175px !important;padding-bottom: 50px !important;}\u00a0\u00bb][vc_column][qode_elements_holder number_of_columns=\u00a0\u00bbone_column\u00a0\u00bb][qode_elements_holder_item vertical_alignment=\u00a0\u00bbmiddle\u00a0\u00bb horizontal_alignment=\u00a0\u00bbleft\u00a0\u00bb advanced_animations=\u00a0\u00bbno\u00a0\u00bb item_padding=\u00a0\u00bb0px 2%\u00a0\u00bb item_padding_1280_1440=\u00a0\u00bb0px 27%\u00a0\u00bb item_padding_1024_1280=\u00a0\u00bb0px 27%\u00a0\u00bb item_padding_768_1024=\u00a0\u00bb0px 24%\u00a0\u00bb item_padding_600_768=\u00a0\u00bb0px 11%\u00a0\u00bb item_padding_480_600=\u00a0\u00bb0px\u00a0\u00bb item_padding_480=\u00a0\u00bb0px\u00a0\u00bb][vc_column_text] Vos donn\u00e9es personnelles [\/vc_column_text][vc_empty_space height=\u00a0\u00bb40px\u00a0\u00bb][vc_column_text]Chez CNR, votre vie priv\u00e9e est une priorit\u00e9 &nbsp; Pour \u00eatre...","og_url":"https:\/\/cnr.etcompagnie-le-lab.fr\/index.php\/donnees-personnelles\/","og_site_name":"CNR louloute","article_modified_time":"2022-06-21T14:20:16+00:00","twitter_card":"summary_large_image","twitter_misc":{"Dur\u00e9e de lecture estim\u00e9e":"7 minutes"},"schema":{"@context":"https:\/\/schema.org","@graph":[{"@type":"WebPage","@id":"https:\/\/cnr.etcompagnie-le-lab.fr\/index.php\/donnees-personnelles\/","url":"https:\/\/cnr.etcompagnie-le-lab.fr\/index.php\/donnees-personnelles\/","name":"Donn\u00e9es personnelles - CNR louloute","isPartOf":{"@id":"https:\/\/cnr.etcompagnie-le-lab.fr\/#website"},"datePublished":"2022-06-21T14:10:17+00:00","dateModified":"2022-06-21T14:20:16+00:00","breadcrumb":{"@id":"https:\/\/cnr.etcompagnie-le-lab.fr\/index.php\/donnees-personnelles\/#breadcrumb"},"inLanguage":"fr-FR","potentialAction":[{"@type":"ReadAction","target":["https:\/\/cnr.etcompagnie-le-lab.fr\/index.php\/donnees-personnelles\/"]}]},{"@type":"BreadcrumbList","@id":"https:\/\/cnr.etcompagnie-le-lab.fr\/index.php\/donnees-personnelles\/#breadcrumb","itemListElement":[{"@type":"ListItem","position":1,"name":"Accueil","item":"https:\/\/cnr.etcompagnie-le-lab.fr\/"},{"@type":"ListItem","position":2,"name":"Donn\u00e9es personnelles"}]},{"@type":"WebSite","@id":"https:\/\/cnr.etcompagnie-le-lab.fr\/#website","url":"https:\/\/cnr.etcompagnie-le-lab.fr\/","name":"CNR louloute la loutre","description":"Louloute La loutre | Les loisirs au fil de l&#039;eau","publisher":{"@id":"https:\/\/cnr.etcompagnie-le-lab.fr\/#organization"},"potentialAction":[{"@type":"SearchAction","target":{"@type":"EntryPoint","urlTemplate":"https:\/\/cnr.etcompagnie-le-lab.fr\/?s={search_term_string}"},"query-input":{"@type":"PropertyValueSpecification","valueRequired":true,"valueName":"search_term_string"}}],"inLanguage":"fr-FR"},{"@type":"Organization","@id":"https:\/\/cnr.etcompagnie-le-lab.fr\/#organization","name":"CNR","url":"https:\/\/cnr.etcompagnie-le-lab.fr\/","logo":{"@type":"ImageObject","inLanguage":"fr-FR","@id":"https:\/\/cnr.etcompagnie-le-lab.fr\/#\/schema\/logo\/image\/","url":"https:\/\/www.cnr-louloutelaloutre.fr\/wp-content\/uploads\/2022\/07\/logo-cnr-sans-bulle.png","contentUrl":"https:\/\/www.cnr-louloutelaloutre.fr\/wp-content\/uploads\/2022\/07\/logo-cnr-sans-bulle.png","width":471,"height":203,"caption":"CNR"},"image":{"@id":"https:\/\/cnr.etcompagnie-le-lab.fr\/#\/schema\/logo\/image\/"}}]}},"_links":{"self":[{"href":"https:\/\/cnr.etcompagnie-le-lab.fr\/index.php\/wp-json\/wp\/v2\/pages\/154","targetHints":{"allow":["GET"]}}],"collection":[{"href":"https:\/\/cnr.etcompagnie-le-lab.fr\/index.php\/wp-json\/wp\/v2\/pages"}],"about":[{"href":"https:\/\/cnr.etcompagnie-le-lab.fr\/index.php\/wp-json\/wp\/v2\/types\/page"}],"author":[{"embeddable":true,"href":"https:\/\/cnr.etcompagnie-le-lab.fr\/index.php\/wp-json\/wp\/v2\/users\/1"}],"replies":[{"embeddable":true,"href":"https:\/\/cnr.etcompagnie-le-lab.fr\/index.php\/wp-json\/wp\/v2\/comments?post=154"}],"version-history":[{"count":3,"href":"https:\/\/cnr.etcompagnie-le-lab.fr\/index.php\/wp-json\/wp\/v2\/pages\/154\/revisions"}],"predecessor-version":[{"id":165,"href":"https:\/\/cnr.etcompagnie-le-lab.fr\/index.php\/wp-json\/wp\/v2\/pages\/154\/revisions\/165"}],"wp:attachment":[{"href":"https:\/\/cnr.etcompagnie-le-lab.fr\/index.php\/wp-json\/wp\/v2\/media?parent=154"}],"curies":[{"name":"wp","href":"https:\/\/api.w.org\/{rel}","templated":true}]}}