{"id":157,"date":"2022-06-21T16:10:17","date_gmt":"2022-06-21T14:10:17","guid":{"rendered":"https:\/\/cnr-prod-wa-louloute.azurewebsites.net\/index.php\/donnees-personnelles-2\/"},"modified":"2022-07-18T15:31:45","modified_gmt":"2022-07-18T13:31:45","slug":"utilisation-cookies","status":"publish","type":"page","link":"https:\/\/cnr.etcompagnie-le-lab.fr\/index.php\/utilisation-cookies\/","title":{"rendered":"Utilisation des cookies"},"content":{"rendered":"<div class=\"wpb-content-wrapper\"><p>[vc_row css_animation=\u00a0\u00bb\u00a0\u00bb row_type=\u00a0\u00bbrow\u00a0\u00bb use_row_as_full_screen_section=\u00a0\u00bbno\u00a0\u00bb type=\u00a0\u00bbgrid\u00a0\u00bb angled_section=\u00a0\u00bbno\u00a0\u00bb text_align=\u00a0\u00bbcenter\u00a0\u00bb background_image_as_pattern=\u00a0\u00bbwithout_pattern\u00a0\u00bb z_index=\u00a0\u00bb\u00a0\u00bb css=\u00a0\u00bb.vc_custom_1516977299669{padding-top: 175px !important;padding-bottom: 50px !important;}\u00a0\u00bb][vc_column][qode_elements_holder number_of_columns=\u00a0\u00bbone_column\u00a0\u00bb][qode_elements_holder_item vertical_alignment=\u00a0\u00bbmiddle\u00a0\u00bb horizontal_alignment=\u00a0\u00bbleft\u00a0\u00bb advanced_animations=\u00a0\u00bbno\u00a0\u00bb item_padding=\u00a0\u00bb0px 2%\u00a0\u00bb item_padding_1280_1440=\u00a0\u00bb0px 27%\u00a0\u00bb item_padding_1024_1280=\u00a0\u00bb0px 27%\u00a0\u00bb item_padding_768_1024=\u00a0\u00bb0px 24%\u00a0\u00bb item_padding_600_768=\u00a0\u00bb0px 11%\u00a0\u00bb item_padding_480_600=\u00a0\u00bb0px\u00a0\u00bb item_padding_480=\u00a0\u00bb0px\u00a0\u00bb][vc_column_text]<\/p>\n<h1 style=\"text-align: center;\">Politique d\u2019utilisation des cookies<\/h1>\n<p>[\/vc_column_text][vc_empty_space height=\u00a0\u00bb40px\u00a0\u00bb][vc_column_text]Lors de la consultation du site <a href=\"https:\/\/cnr.etcompagnie-le-lab.fr\/\">cnr-louloutelaloutre.fr<\/a>, des cookies sont d\u00e9pos\u00e9s sur votre ordinateur, votre mobile ou votre tablette.<br \/>\nNotre Site est con\u00e7u pour \u00eatre attentif aux besoins et attentes des utilisateurs. C\u2019est notamment pour cela que nous faisons usage de cookies afin par exemple de pouvoir r\u00e9aliser des statistiques. Cette page vous permet de mieux comprendre comment fonctionnent les cookies et comment les param\u00e9trer.<\/p>\n<p style=\"text-align: center;\">~<\/p>\n<p>Les cookies sont des petits fichiers textes qui peuvent \u00eatre utilis\u00e9s par les sites web pour rendre l\u2019exp\u00e9rience utilisateur plus efficace. La loi dispose que nous ne pouvons stocker des cookies sur votre appareil que s\u2019ils sont strictement n\u00e9cessaires au fonctionnement de ce site. Pour tous les autres types de cookies, nous avons besoin de votre permission. Ce site utilise diff\u00e9rents types de cookies. Certains cookies sont plac\u00e9s par les services tiers qui apparaissent sur nos pages. \u00c0 tout moment, vous pouvez modifier ou retirer votre consentement d\u00e8s la D\u00e9claration relative aux cookies sur notre site web.<\/p>\n<p style=\"text-align: center;\">~<\/p>\n<p>Veuillez noter que nous renouvellerons automatiquement les consentements (c\u2019est-\u00e0-dire que la banni\u00e8re de consentement aux cookies r\u00e9appara\u00eetra et l\u2019utilisateur sera invit\u00e9 \u00e0 donner un nouveau consentement) apr\u00e8s 6 mois. Nous indiquons donc les dates d\u2019expiration des diff\u00e9rents cookies (de quelques secondes \u00e0 plusieurs ann\u00e9es), mais le consentement sera renouvel\u00e9 au bout de 6 mois, quelle que soit la date d\u2019expiration des diff\u00e9rents cookies.[\/vc_column_text][\/qode_elements_holder_item][\/qode_elements_holder][\/vc_column][\/vc_row]<\/p>\n<\/div>","protected":false},"excerpt":{"rendered":"<p>[vc_row css_animation=\u00a0\u00bb\u00a0\u00bb row_type=\u00a0\u00bbrow\u00a0\u00bb use_row_as_full_screen_section=\u00a0\u00bbno\u00a0\u00bb type=\u00a0\u00bbgrid\u00a0\u00bb angled_section=\u00a0\u00bbno\u00a0\u00bb text_align=\u00a0\u00bbcenter\u00a0\u00bb background_image_as_pattern=\u00a0\u00bbwithout_pattern\u00a0\u00bb z_index=\u00a0\u00bb\u00a0\u00bb css=\u00a0\u00bb.vc_custom_1516977299669{padding-top: 175px !important;padding-bottom: 50px !important;}\u00a0\u00bb][vc_column][qode_elements_holder number_of_columns=\u00a0\u00bbone_column\u00a0\u00bb][qode_elements_holder_item vertical_alignment=\u00a0\u00bbmiddle\u00a0\u00bb horizontal_alignment=\u00a0\u00bbleft\u00a0\u00bb advanced_animations=\u00a0\u00bbno\u00a0\u00bb item_padding=\u00a0\u00bb0px 2%\u00a0\u00bb item_padding_1280_1440=\u00a0\u00bb0px 27%\u00a0\u00bb item_padding_1024_1280=\u00a0\u00bb0px 27%\u00a0\u00bb item_padding_768_1024=\u00a0\u00bb0px 24%\u00a0\u00bb item_padding_600_768=\u00a0\u00bb0px 11%\u00a0\u00bb item_padding_480_600=\u00a0\u00bb0px\u00a0\u00bb item_padding_480=\u00a0\u00bb0px\u00a0\u00bb][vc_column_text] Politique d\u2019utilisation des cookies [\/vc_column_text][vc_empty_space height=\u00a0\u00bb40px\u00a0\u00bb][vc_column_text]Lors de la consultation du site cnr-louloutelaloutre.fr, des cookies sont&#8230;<\/p>\n","protected":false},"author":1,"featured_media":0,"parent":0,"menu_order":0,"comment_status":"closed","ping_status":"closed","template":"full_width.php","meta":{"footnotes":""},"class_list":["post-157","page","type-page","status-publish","hentry"],"yoast_head":"<!-- This site is optimized with the Yoast SEO plugin v25.2 - https:\/\/yoast.com\/wordpress\/plugins\/seo\/ -->\n<title>Utilisation des cookies - CNR louloute<\/title>\n<meta name=\"robots\" content=\"index, follow, max-snippet:-1, max-image-preview:large, max-video-preview:-1\" \/>\n<link rel=\"canonical\" href=\"https:\/\/cnr.etcompagnie-le-lab.fr\/index.php\/utilisation-cookies\/\" \/>\n<meta property=\"og:locale\" content=\"fr_FR\" \/>\n<meta property=\"og:type\" content=\"article\" \/>\n<meta property=\"og:title\" content=\"Utilisation des cookies - CNR louloute\" \/>\n<meta property=\"og:description\" content=\"[vc_row css_animation=\u00a0\u00bb\u00a0\u00bb row_type=\u00a0\u00bbrow\u00a0\u00bb use_row_as_full_screen_section=\u00a0\u00bbno\u00a0\u00bb type=\u00a0\u00bbgrid\u00a0\u00bb angled_section=\u00a0\u00bbno\u00a0\u00bb text_align=\u00a0\u00bbcenter\u00a0\u00bb background_image_as_pattern=\u00a0\u00bbwithout_pattern\u00a0\u00bb z_index=\u00a0\u00bb\u00a0\u00bb css=\u00a0\u00bb.vc_custom_1516977299669{padding-top: 175px !important;padding-bottom: 50px !important;}\u00a0\u00bb][vc_column][qode_elements_holder number_of_columns=\u00a0\u00bbone_column\u00a0\u00bb][qode_elements_holder_item vertical_alignment=\u00a0\u00bbmiddle\u00a0\u00bb horizontal_alignment=\u00a0\u00bbleft\u00a0\u00bb advanced_animations=\u00a0\u00bbno\u00a0\u00bb item_padding=\u00a0\u00bb0px 2%\u00a0\u00bb item_padding_1280_1440=\u00a0\u00bb0px 27%\u00a0\u00bb item_padding_1024_1280=\u00a0\u00bb0px 27%\u00a0\u00bb item_padding_768_1024=\u00a0\u00bb0px 24%\u00a0\u00bb item_padding_600_768=\u00a0\u00bb0px 11%\u00a0\u00bb item_padding_480_600=\u00a0\u00bb0px\u00a0\u00bb item_padding_480=\u00a0\u00bb0px\u00a0\u00bb][vc_column_text] Politique d\u2019utilisation des cookies [\/vc_column_text][vc_empty_space height=\u00a0\u00bb40px\u00a0\u00bb][vc_column_text]Lors de la consultation du site cnr-louloutelaloutre.fr, des cookies sont...\" \/>\n<meta property=\"og:url\" content=\"https:\/\/cnr.etcompagnie-le-lab.fr\/index.php\/utilisation-cookies\/\" \/>\n<meta property=\"og:site_name\" content=\"CNR louloute\" \/>\n<meta property=\"article:modified_time\" content=\"2022-07-18T13:31:45+00:00\" \/>\n<meta name=\"twitter:card\" content=\"summary_large_image\" \/>\n<meta name=\"twitter:label1\" content=\"Dur\u00e9e de lecture estim\u00e9e\" \/>\n\t<meta name=\"twitter:data1\" content=\"2 minutes\" \/>\n<script type=\"application\/ld+json\" class=\"yoast-schema-graph\">{\"@context\":\"https:\/\/schema.org\",\"@graph\":[{\"@type\":\"WebPage\",\"@id\":\"https:\/\/cnr.etcompagnie-le-lab.fr\/index.php\/utilisation-cookies\/\",\"url\":\"https:\/\/cnr.etcompagnie-le-lab.fr\/index.php\/utilisation-cookies\/\",\"name\":\"Utilisation des cookies - CNR louloute\",\"isPartOf\":{\"@id\":\"https:\/\/cnr.etcompagnie-le-lab.fr\/#website\"},\"datePublished\":\"2022-06-21T14:10:17+00:00\",\"dateModified\":\"2022-07-18T13:31:45+00:00\",\"breadcrumb\":{\"@id\":\"https:\/\/cnr.etcompagnie-le-lab.fr\/index.php\/utilisation-cookies\/#breadcrumb\"},\"inLanguage\":\"fr-FR\",\"potentialAction\":[{\"@type\":\"ReadAction\",\"target\":[\"https:\/\/cnr.etcompagnie-le-lab.fr\/index.php\/utilisation-cookies\/\"]}]},{\"@type\":\"BreadcrumbList\",\"@id\":\"https:\/\/cnr.etcompagnie-le-lab.fr\/index.php\/utilisation-cookies\/#breadcrumb\",\"itemListElement\":[{\"@type\":\"ListItem\",\"position\":1,\"name\":\"Accueil\",\"item\":\"https:\/\/cnr.etcompagnie-le-lab.fr\/\"},{\"@type\":\"ListItem\",\"position\":2,\"name\":\"Utilisation des cookies\"}]},{\"@type\":\"WebSite\",\"@id\":\"https:\/\/cnr.etcompagnie-le-lab.fr\/#website\",\"url\":\"https:\/\/cnr.etcompagnie-le-lab.fr\/\",\"name\":\"CNR louloute la loutre\",\"description\":\"Louloute La loutre | Les loisirs au fil de l&#039;eau\",\"publisher\":{\"@id\":\"https:\/\/cnr.etcompagnie-le-lab.fr\/#organization\"},\"potentialAction\":[{\"@type\":\"SearchAction\",\"target\":{\"@type\":\"EntryPoint\",\"urlTemplate\":\"https:\/\/cnr.etcompagnie-le-lab.fr\/?s={search_term_string}\"},\"query-input\":{\"@type\":\"PropertyValueSpecification\",\"valueRequired\":true,\"valueName\":\"search_term_string\"}}],\"inLanguage\":\"fr-FR\"},{\"@type\":\"Organization\",\"@id\":\"https:\/\/cnr.etcompagnie-le-lab.fr\/#organization\",\"name\":\"CNR\",\"url\":\"https:\/\/cnr.etcompagnie-le-lab.fr\/\",\"logo\":{\"@type\":\"ImageObject\",\"inLanguage\":\"fr-FR\",\"@id\":\"https:\/\/cnr.etcompagnie-le-lab.fr\/#\/schema\/logo\/image\/\",\"url\":\"https:\/\/www.cnr-louloutelaloutre.fr\/wp-content\/uploads\/2022\/07\/logo-cnr-sans-bulle.png\",\"contentUrl\":\"https:\/\/www.cnr-louloutelaloutre.fr\/wp-content\/uploads\/2022\/07\/logo-cnr-sans-bulle.png\",\"width\":471,\"height\":203,\"caption\":\"CNR\"},\"image\":{\"@id\":\"https:\/\/cnr.etcompagnie-le-lab.fr\/#\/schema\/logo\/image\/\"}}]}<\/script>\n<!-- \/ Yoast SEO plugin. -->","yoast_head_json":{"title":"Utilisation des cookies - CNR louloute","robots":{"index":"index","follow":"follow","max-snippet":"max-snippet:-1","max-image-preview":"max-image-preview:large","max-video-preview":"max-video-preview:-1"},"canonical":"https:\/\/cnr.etcompagnie-le-lab.fr\/index.php\/utilisation-cookies\/","og_locale":"fr_FR","og_type":"article","og_title":"Utilisation des cookies - CNR louloute","og_description":"[vc_row css_animation=\u00a0\u00bb\u00a0\u00bb row_type=\u00a0\u00bbrow\u00a0\u00bb use_row_as_full_screen_section=\u00a0\u00bbno\u00a0\u00bb type=\u00a0\u00bbgrid\u00a0\u00bb angled_section=\u00a0\u00bbno\u00a0\u00bb text_align=\u00a0\u00bbcenter\u00a0\u00bb background_image_as_pattern=\u00a0\u00bbwithout_pattern\u00a0\u00bb z_index=\u00a0\u00bb\u00a0\u00bb css=\u00a0\u00bb.vc_custom_1516977299669{padding-top: 175px !important;padding-bottom: 50px !important;}\u00a0\u00bb][vc_column][qode_elements_holder number_of_columns=\u00a0\u00bbone_column\u00a0\u00bb][qode_elements_holder_item vertical_alignment=\u00a0\u00bbmiddle\u00a0\u00bb horizontal_alignment=\u00a0\u00bbleft\u00a0\u00bb advanced_animations=\u00a0\u00bbno\u00a0\u00bb item_padding=\u00a0\u00bb0px 2%\u00a0\u00bb item_padding_1280_1440=\u00a0\u00bb0px 27%\u00a0\u00bb item_padding_1024_1280=\u00a0\u00bb0px 27%\u00a0\u00bb item_padding_768_1024=\u00a0\u00bb0px 24%\u00a0\u00bb item_padding_600_768=\u00a0\u00bb0px 11%\u00a0\u00bb item_padding_480_600=\u00a0\u00bb0px\u00a0\u00bb item_padding_480=\u00a0\u00bb0px\u00a0\u00bb][vc_column_text] Politique d\u2019utilisation des cookies [\/vc_column_text][vc_empty_space height=\u00a0\u00bb40px\u00a0\u00bb][vc_column_text]Lors de la consultation du site cnr-louloutelaloutre.fr, des cookies sont...","og_url":"https:\/\/cnr.etcompagnie-le-lab.fr\/index.php\/utilisation-cookies\/","og_site_name":"CNR louloute","article_modified_time":"2022-07-18T13:31:45+00:00","twitter_card":"summary_large_image","twitter_misc":{"Dur\u00e9e de lecture estim\u00e9e":"2 minutes"},"schema":{"@context":"https:\/\/schema.org","@graph":[{"@type":"WebPage","@id":"https:\/\/cnr.etcompagnie-le-lab.fr\/index.php\/utilisation-cookies\/","url":"https:\/\/cnr.etcompagnie-le-lab.fr\/index.php\/utilisation-cookies\/","name":"Utilisation des cookies - CNR louloute","isPartOf":{"@id":"https:\/\/cnr.etcompagnie-le-lab.fr\/#website"},"datePublished":"2022-06-21T14:10:17+00:00","dateModified":"2022-07-18T13:31:45+00:00","breadcrumb":{"@id":"https:\/\/cnr.etcompagnie-le-lab.fr\/index.php\/utilisation-cookies\/#breadcrumb"},"inLanguage":"fr-FR","potentialAction":[{"@type":"ReadAction","target":["https:\/\/cnr.etcompagnie-le-lab.fr\/index.php\/utilisation-cookies\/"]}]},{"@type":"BreadcrumbList","@id":"https:\/\/cnr.etcompagnie-le-lab.fr\/index.php\/utilisation-cookies\/#breadcrumb","itemListElement":[{"@type":"ListItem","position":1,"name":"Accueil","item":"https:\/\/cnr.etcompagnie-le-lab.fr\/"},{"@type":"ListItem","position":2,"name":"Utilisation des cookies"}]},{"@type":"WebSite","@id":"https:\/\/cnr.etcompagnie-le-lab.fr\/#website","url":"https:\/\/cnr.etcompagnie-le-lab.fr\/","name":"CNR louloute la loutre","description":"Louloute La loutre | Les loisirs au fil de l&#039;eau","publisher":{"@id":"https:\/\/cnr.etcompagnie-le-lab.fr\/#organization"},"potentialAction":[{"@type":"SearchAction","target":{"@type":"EntryPoint","urlTemplate":"https:\/\/cnr.etcompagnie-le-lab.fr\/?s={search_term_string}"},"query-input":{"@type":"PropertyValueSpecification","valueRequired":true,"valueName":"search_term_string"}}],"inLanguage":"fr-FR"},{"@type":"Organization","@id":"https:\/\/cnr.etcompagnie-le-lab.fr\/#organization","name":"CNR","url":"https:\/\/cnr.etcompagnie-le-lab.fr\/","logo":{"@type":"ImageObject","inLanguage":"fr-FR","@id":"https:\/\/cnr.etcompagnie-le-lab.fr\/#\/schema\/logo\/image\/","url":"https:\/\/www.cnr-louloutelaloutre.fr\/wp-content\/uploads\/2022\/07\/logo-cnr-sans-bulle.png","contentUrl":"https:\/\/www.cnr-louloutelaloutre.fr\/wp-content\/uploads\/2022\/07\/logo-cnr-sans-bulle.png","width":471,"height":203,"caption":"CNR"},"image":{"@id":"https:\/\/cnr.etcompagnie-le-lab.fr\/#\/schema\/logo\/image\/"}}]}},"_links":{"self":[{"href":"https:\/\/cnr.etcompagnie-le-lab.fr\/index.php\/wp-json\/wp\/v2\/pages\/157","targetHints":{"allow":["GET"]}}],"collection":[{"href":"https:\/\/cnr.etcompagnie-le-lab.fr\/index.php\/wp-json\/wp\/v2\/pages"}],"about":[{"href":"https:\/\/cnr.etcompagnie-le-lab.fr\/index.php\/wp-json\/wp\/v2\/types\/page"}],"author":[{"embeddable":true,"href":"https:\/\/cnr.etcompagnie-le-lab.fr\/index.php\/wp-json\/wp\/v2\/users\/1"}],"replies":[{"embeddable":true,"href":"https:\/\/cnr.etcompagnie-le-lab.fr\/index.php\/wp-json\/wp\/v2\/comments?post=157"}],"version-history":[{"count":3,"href":"https:\/\/cnr.etcompagnie-le-lab.fr\/index.php\/wp-json\/wp\/v2\/pages\/157\/revisions"}],"predecessor-version":[{"id":353,"href":"https:\/\/cnr.etcompagnie-le-lab.fr\/index.php\/wp-json\/wp\/v2\/pages\/157\/revisions\/353"}],"wp:attachment":[{"href":"https:\/\/cnr.etcompagnie-le-lab.fr\/index.php\/wp-json\/wp\/v2\/media?parent=157"}],"curies":[{"name":"wp","href":"https:\/\/api.w.org\/{rel}","templated":true}]}}