{"id":97,"date":"2018-01-25T09:34:22","date_gmt":"2018-01-25T08:34:22","guid":{"rendered":"http:\/\/bridge142.qodeinteractive.com\/?page_id=2"},"modified":"2024-05-13T16:42:25","modified_gmt":"2024-05-13T14:42:25","slug":"home","status":"publish","type":"page","link":"https:\/\/cnr.etcompagnie-le-lab.fr\/","title":{"rendered":"Accueil"},"content":{"rendered":"<div class=\"wpb-content-wrapper\"><p>[vc_row css_animation=\u00a0\u00bb\u00a0\u00bb row_type=\u00a0\u00bbrow\u00a0\u00bb use_row_as_full_screen_section=\u00a0\u00bbno\u00a0\u00bb type=\u00a0\u00bbfull_width\u00a0\u00bb angled_section=\u00a0\u00bbno\u00a0\u00bb text_align=\u00a0\u00bbleft\u00a0\u00bb background_image_as_pattern=\u00a0\u00bbwithout_pattern\u00a0\u00bb z_index=\u00a0\u00bb\u00a0\u00bb css=\u00a0\u00bb.vc_custom_1715611346421{margin-top: 30px !important;padding-top: 30px !important;}\u00a0\u00bb][vc_column][rev_slider_vc alias=\u00a0\u00bbhome\u00a0\u00bb][\/vc_column][\/vc_row][vc_row css_animation=\u00a0\u00bb\u00a0\u00bb row_type=\u00a0\u00bbrow\u00a0\u00bb use_row_as_full_screen_section=\u00a0\u00bbno\u00a0\u00bb type=\u00a0\u00bbgrid\u00a0\u00bb angled_section=\u00a0\u00bbno\u00a0\u00bb text_align=\u00a0\u00bbleft\u00a0\u00bb background_image_as_pattern=\u00a0\u00bbwithout_pattern\u00a0\u00bb z_index=\u00a0\u00bb\u00a0\u00bb css=\u00a0\u00bb.vc_custom_1685710396596{margin-top: 50px !important;padding-top: 30px !important;}\u00a0\u00bb][vc_column][vc_column_text]<\/p>\n<p style=\"text-align: center;\"><strong>Au bord du fleuve Rh\u00f4ne, il faut toujours rester prudent !<\/strong><\/p>\n<p>&nbsp;<\/p>\n<p class=\"\"><span class=\"\">En tant que <a href=\"https:\/\/cnr.etcompagnie-le-lab.fr\/index.php\/presentation-cnr\/\">concessionnaire du Rh\u00f4ne<\/a>, CNR se doit de rappeler les consignes essentielles \u00e0 adopter pour la <strong>s\u00e9curit\u00e9 de tous<\/strong>.<\/span><\/p>\n<p class=\"\"><span class=\"\">Chaque ann\u00e9e, en p\u00e9riode estivale, des personnes se retrouvent en difficult\u00e9 sur le fleuve Rh\u00f4ne. Il est donc tr\u00e8s important de respecter la signalisation, que vous soyez en v\u00e9lo, en rando, en bateau, \u00e0 la p\u00eache ou dans les zones de baignades\u2026 \u00e0 proximit\u00e9 des barrages et des am\u00e9nagements hydro\u00e9lectriques. Les panneaux jaunes sont l\u00e0 pour le rappeler.<\/span><\/p>\n<div class=\"\"><span class=\"\" style=\"font-family: Raleway, sans-serif;\">\u00a0<\/span><\/div>\n<p>[\/vc_column_text][\/vc_column][\/vc_row][vc_row css_animation=\u00a0\u00bb\u00a0\u00bb row_type=\u00a0\u00bbrow\u00a0\u00bb use_row_as_full_screen_section=\u00a0\u00bbno\u00a0\u00bb type=\u00a0\u00bbgrid\u00a0\u00bb angled_section=\u00a0\u00bbno\u00a0\u00bb text_align=\u00a0\u00bbleft\u00a0\u00bb background_image_as_pattern=\u00a0\u00bbwithout_pattern\u00a0\u00bb z_index=\u00a0\u00bb\u00a0\u00bb css=\u00a0\u00bb.vc_custom_1686316078398{padding-top: 20px !important;}\u00a0\u00bb][vc_column width=\u00a0\u00bb1\/3&Prime;][vc_single_image image=\u00a0\u00bb384&Prime; img_size=\u00a0\u00bb300&#215;276&Prime; alignment=\u00a0\u00bbcenter\u00a0\u00bb onclick=\u00a0\u00bbcustom_link\u00a0\u00bb qode_css_animation=\u00a0\u00bb\u00a0\u00bb qode_hover_animation=\u00a0\u00bbzoom_in\u00a0\u00bb link=\u00a0\u00bb\/index.php\/amenagements-du-rhone\/\u00a0\u00bb][\/vc_column][vc_column width=\u00a0\u00bb1\/3&Prime;][vc_single_image image=\u00a0\u00bb288&Prime; img_size=\u00a0\u00bb300&#215;276&Prime; alignment=\u00a0\u00bbcenter\u00a0\u00bb onclick=\u00a0\u00bbcustom_link\u00a0\u00bb qode_css_animation=\u00a0\u00bb\u00a0\u00bb qode_hover_animation=\u00a0\u00bbzoom_in\u00a0\u00bb link=\u00a0\u00bb\/index.php\/prudence-bord-rhone\/\u00a0\u00bb][\/vc_column][vc_column width=\u00a0\u00bb1\/3&Prime;][vc_single_image image=\u00a0\u00bb286&Prime; img_size=\u00a0\u00bb300&#215;276&Prime; alignment=\u00a0\u00bbcenter\u00a0\u00bb onclick=\u00a0\u00bbcustom_link\u00a0\u00bb qode_css_animation=\u00a0\u00bb\u00a0\u00bb qode_hover_animation=\u00a0\u00bbzoom_in\u00a0\u00bb link=\u00a0\u00bb\/index.php\/jouez-avec-louloute\/\u00a0\u00bb][\/vc_column][\/vc_row][vc_row css_animation=\u00a0\u00bb\u00a0\u00bb row_type=\u00a0\u00bbrow\u00a0\u00bb use_row_as_full_screen_section=\u00a0\u00bbno\u00a0\u00bb type=\u00a0\u00bbgrid\u00a0\u00bb angled_section=\u00a0\u00bbno\u00a0\u00bb text_align=\u00a0\u00bbleft\u00a0\u00bb background_image_as_pattern=\u00a0\u00bbwithout_pattern\u00a0\u00bb z_index=\u00a0\u00bb\u00a0\u00bb css=\u00a0\u00bb.vc_custom_1686316068494{margin-top: 30px !important;padding-top: 30px !important;}\u00a0\u00bb][vc_column][vc_column_text]<\/p>\n<div class=\"\"><span class=\"\">Le fonctionnement des <a href=\"https:\/\/cnr.etcompagnie-le-lab.fr\/index.php\/amenagements-du-rhone\/\">am\u00e9nagements de CNR<\/a> n\u00e9cessite r\u00e9guli\u00e8rement des man\u0153uvres qui peuvent \u00eatre dangereuses comme par exemple, l\u2019ouverture d\u2019un barrage qui peut faire monter l\u2019eau tr\u00e8s rapidement et les personnes <\/span><span class=\"markedcontent\"><span class=\"\">pr\u00e9sentes sur les bancs d<\/span><span class=\"\" role=\"presentation\">e<\/span><\/span><span class=\"\">\u00a0<\/span><span class=\"markedcontent\"><span class=\"\">gravier, les \u00eelots ou encore les seuils, sont alors menac\u00e9<\/span><span class=\"\" role=\"presentation\">e<\/span><span class=\"\" role=\"presentation\">s.<\/span><\/span><span class=\"\">\u00a0<\/span><span class=\"\">\u00a0<\/span><\/div>\n<div class=\"\"><span class=\"\" style=\"font-family: Raleway, sans-serif;\">\u00a0<\/span><\/div>\n<div>Pour une <strong>meilleure s\u00e9curit\u00e9<\/strong>, restez sur les berges : ne vous aventurez pas dans le lit du Rh\u00f4ne ;<\/div>\n<ul>\n<li>Surveillez particuli\u00e8rement les enfants au bord de l\u2019eau car ils sont moins conscients du danger ;<\/li>\n<li>D\u00e8s que l\u2019eau monte, rejoignez imm\u00e9diatement les berges, n\u2019attendez pas ;<\/li>\n<li>Respectez la signalisation aux abords du fleuve.<\/li>\n<\/ul>\n<p>Pendant l\u2019\u00e9t\u00e9, n\u2019h\u00e9sitez pas \u00e0 vous\u00a0rapprocher des charg\u00e9s de pr\u00e9vention CNR qui\u00a0viennent \u00e0 votre rencontre le long des berges, sur les bases de loisirs&#8230;<\/p>\n<p>Et gr\u00e2ce \u00e0 Louloute la loutre, comprenez et d\u00e9couvrez comment <a href=\"https:\/\/cnr.etcompagnie-le-lab.fr\/index.php\/prudence-bord-rhone\/\"><strong>profiter en toute s\u00e9curit\u00e9 du fleuve Rh\u00f4ne et de ses berges.<\/strong><\/a>[\/vc_column_text][\/vc_column][\/vc_row]<\/p>\n<\/div>","protected":false},"excerpt":{"rendered":"<p>[vc_row css_animation=\u00a0\u00bb\u00a0\u00bb row_type=\u00a0\u00bbrow\u00a0\u00bb use_row_as_full_screen_section=\u00a0\u00bbno\u00a0\u00bb type=\u00a0\u00bbfull_width\u00a0\u00bb angled_section=\u00a0\u00bbno\u00a0\u00bb text_align=\u00a0\u00bbleft\u00a0\u00bb background_image_as_pattern=\u00a0\u00bbwithout_pattern\u00a0\u00bb z_index=\u00a0\u00bb\u00a0\u00bb css=\u00a0\u00bb.vc_custom_1715611346421{margin-top: 30px !important;padding-top: 30px !important;}\u00a0\u00bb][vc_column][rev_slider_vc alias=\u00a0\u00bbhome\u00a0\u00bb][\/vc_column][\/vc_row][vc_row css_animation=\u00a0\u00bb\u00a0\u00bb row_type=\u00a0\u00bbrow\u00a0\u00bb use_row_as_full_screen_section=\u00a0\u00bbno\u00a0\u00bb type=\u00a0\u00bbgrid\u00a0\u00bb angled_section=\u00a0\u00bbno\u00a0\u00bb text_align=\u00a0\u00bbleft\u00a0\u00bb background_image_as_pattern=\u00a0\u00bbwithout_pattern\u00a0\u00bb z_index=\u00a0\u00bb\u00a0\u00bb css=\u00a0\u00bb.vc_custom_1685710396596{margin-top: 50px !important;padding-top: 30px !important;}\u00a0\u00bb][vc_column][vc_column_text] Au bord du fleuve Rh\u00f4ne, il faut toujours rester prudent ! &nbsp; En tant que concessionnaire du&#8230;<\/p>\n","protected":false},"author":1,"featured_media":0,"parent":0,"menu_order":0,"comment_status":"closed","ping_status":"closed","template":"full_width.php","meta":{"footnotes":""},"class_list":["post-97","page","type-page","status-publish","hentry"],"yoast_head":"<!-- This site is optimized with the Yoast SEO plugin v25.2 - https:\/\/yoast.com\/wordpress\/plugins\/seo\/ -->\n<title>Baignade Rh\u00f4ne Attention ! Consigne s\u00e9curit\u00e9 Louloute la loutre<\/title>\n<meta name=\"description\" content=\"La baignade dans le Rh\u00f4ne est dangereuse ! CNR et Louloute vous rappelle les consignes de s\u00e9curit\u00e9 essentielles \u00e0 adopter.\" \/>\n<meta name=\"robots\" content=\"index, follow, max-snippet:-1, max-image-preview:large, max-video-preview:-1\" \/>\n<link rel=\"canonical\" href=\"https:\/\/cnr.etcompagnie-le-lab.fr\/\" \/>\n<meta property=\"og:locale\" content=\"fr_FR\" \/>\n<meta property=\"og:type\" content=\"article\" \/>\n<meta property=\"og:title\" content=\"Baignade Rh\u00f4ne Attention ! Consigne s\u00e9curit\u00e9 Louloute la loutre\" \/>\n<meta property=\"og:description\" content=\"La baignade dans le Rh\u00f4ne est dangereuse ! CNR et Louloute vous rappelle les consignes de s\u00e9curit\u00e9 essentielles \u00e0 adopter.\" \/>\n<meta property=\"og:url\" content=\"https:\/\/cnr.etcompagnie-le-lab.fr\/\" \/>\n<meta property=\"og:site_name\" content=\"CNR louloute\" \/>\n<meta property=\"article:modified_time\" content=\"2024-05-13T14:42:25+00:00\" \/>\n<meta name=\"twitter:card\" content=\"summary_large_image\" \/>\n<meta name=\"twitter:label1\" content=\"Dur\u00e9e de lecture estim\u00e9e\" \/>\n\t<meta name=\"twitter:data1\" content=\"2 minutes\" \/>\n<script type=\"application\/ld+json\" class=\"yoast-schema-graph\">{\"@context\":\"https:\/\/schema.org\",\"@graph\":[{\"@type\":\"WebPage\",\"@id\":\"https:\/\/cnr.etcompagnie-le-lab.fr\/\",\"url\":\"https:\/\/cnr.etcompagnie-le-lab.fr\/\",\"name\":\"Baignade Rh\u00f4ne Attention ! Consigne s\u00e9curit\u00e9 Louloute la loutre\",\"isPartOf\":{\"@id\":\"https:\/\/cnr.etcompagnie-le-lab.fr\/#website\"},\"datePublished\":\"2018-01-25T08:34:22+00:00\",\"dateModified\":\"2024-05-13T14:42:25+00:00\",\"description\":\"La baignade dans le Rh\u00f4ne est dangereuse ! CNR et Louloute vous rappelle les consignes de s\u00e9curit\u00e9 essentielles \u00e0 adopter.\",\"breadcrumb\":{\"@id\":\"https:\/\/cnr.etcompagnie-le-lab.fr\/#breadcrumb\"},\"inLanguage\":\"fr-FR\",\"potentialAction\":[{\"@type\":\"ReadAction\",\"target\":[\"https:\/\/cnr.etcompagnie-le-lab.fr\/\"]}]},{\"@type\":\"BreadcrumbList\",\"@id\":\"https:\/\/cnr.etcompagnie-le-lab.fr\/#breadcrumb\",\"itemListElement\":[{\"@type\":\"ListItem\",\"position\":1,\"name\":\"Accueil\",\"item\":\"https:\/\/cnr.etcompagnie-le-lab.fr\/\"},{\"@type\":\"ListItem\",\"position\":2,\"name\":\"Accueil\"}]},{\"@type\":\"WebSite\",\"@id\":\"https:\/\/cnr.etcompagnie-le-lab.fr\/#website\",\"url\":\"https:\/\/cnr.etcompagnie-le-lab.fr\/\",\"name\":\"CNR louloute la loutre\",\"description\":\"Louloute La loutre | Les loisirs au fil de l&#039;eau\",\"publisher\":{\"@id\":\"https:\/\/cnr.etcompagnie-le-lab.fr\/#organization\"},\"potentialAction\":[{\"@type\":\"SearchAction\",\"target\":{\"@type\":\"EntryPoint\",\"urlTemplate\":\"https:\/\/cnr.etcompagnie-le-lab.fr\/?s={search_term_string}\"},\"query-input\":{\"@type\":\"PropertyValueSpecification\",\"valueRequired\":true,\"valueName\":\"search_term_string\"}}],\"inLanguage\":\"fr-FR\"},{\"@type\":\"Organization\",\"@id\":\"https:\/\/cnr.etcompagnie-le-lab.fr\/#organization\",\"name\":\"CNR\",\"url\":\"https:\/\/cnr.etcompagnie-le-lab.fr\/\",\"logo\":{\"@type\":\"ImageObject\",\"inLanguage\":\"fr-FR\",\"@id\":\"https:\/\/cnr.etcompagnie-le-lab.fr\/#\/schema\/logo\/image\/\",\"url\":\"https:\/\/www.cnr-louloutelaloutre.fr\/wp-content\/uploads\/2022\/07\/logo-cnr-sans-bulle.png\",\"contentUrl\":\"https:\/\/www.cnr-louloutelaloutre.fr\/wp-content\/uploads\/2022\/07\/logo-cnr-sans-bulle.png\",\"width\":471,\"height\":203,\"caption\":\"CNR\"},\"image\":{\"@id\":\"https:\/\/cnr.etcompagnie-le-lab.fr\/#\/schema\/logo\/image\/\"}}]}<\/script>\n<!-- \/ Yoast SEO plugin. -->","yoast_head_json":{"title":"Baignade Rh\u00f4ne Attention ! Consigne s\u00e9curit\u00e9 Louloute la loutre","description":"La baignade dans le Rh\u00f4ne est dangereuse ! CNR et Louloute vous rappelle les consignes de s\u00e9curit\u00e9 essentielles \u00e0 adopter.","robots":{"index":"index","follow":"follow","max-snippet":"max-snippet:-1","max-image-preview":"max-image-preview:large","max-video-preview":"max-video-preview:-1"},"canonical":"https:\/\/cnr.etcompagnie-le-lab.fr\/","og_locale":"fr_FR","og_type":"article","og_title":"Baignade Rh\u00f4ne Attention ! Consigne s\u00e9curit\u00e9 Louloute la loutre","og_description":"La baignade dans le Rh\u00f4ne est dangereuse ! CNR et Louloute vous rappelle les consignes de s\u00e9curit\u00e9 essentielles \u00e0 adopter.","og_url":"https:\/\/cnr.etcompagnie-le-lab.fr\/","og_site_name":"CNR louloute","article_modified_time":"2024-05-13T14:42:25+00:00","twitter_card":"summary_large_image","twitter_misc":{"Dur\u00e9e de lecture estim\u00e9e":"2 minutes"},"schema":{"@context":"https:\/\/schema.org","@graph":[{"@type":"WebPage","@id":"https:\/\/cnr.etcompagnie-le-lab.fr\/","url":"https:\/\/cnr.etcompagnie-le-lab.fr\/","name":"Baignade Rh\u00f4ne Attention ! Consigne s\u00e9curit\u00e9 Louloute la loutre","isPartOf":{"@id":"https:\/\/cnr.etcompagnie-le-lab.fr\/#website"},"datePublished":"2018-01-25T08:34:22+00:00","dateModified":"2024-05-13T14:42:25+00:00","description":"La baignade dans le Rh\u00f4ne est dangereuse ! CNR et Louloute vous rappelle les consignes de s\u00e9curit\u00e9 essentielles \u00e0 adopter.","breadcrumb":{"@id":"https:\/\/cnr.etcompagnie-le-lab.fr\/#breadcrumb"},"inLanguage":"fr-FR","potentialAction":[{"@type":"ReadAction","target":["https:\/\/cnr.etcompagnie-le-lab.fr\/"]}]},{"@type":"BreadcrumbList","@id":"https:\/\/cnr.etcompagnie-le-lab.fr\/#breadcrumb","itemListElement":[{"@type":"ListItem","position":1,"name":"Accueil","item":"https:\/\/cnr.etcompagnie-le-lab.fr\/"},{"@type":"ListItem","position":2,"name":"Accueil"}]},{"@type":"WebSite","@id":"https:\/\/cnr.etcompagnie-le-lab.fr\/#website","url":"https:\/\/cnr.etcompagnie-le-lab.fr\/","name":"CNR louloute la loutre","description":"Louloute La loutre | Les loisirs au fil de l&#039;eau","publisher":{"@id":"https:\/\/cnr.etcompagnie-le-lab.fr\/#organization"},"potentialAction":[{"@type":"SearchAction","target":{"@type":"EntryPoint","urlTemplate":"https:\/\/cnr.etcompagnie-le-lab.fr\/?s={search_term_string}"},"query-input":{"@type":"PropertyValueSpecification","valueRequired":true,"valueName":"search_term_string"}}],"inLanguage":"fr-FR"},{"@type":"Organization","@id":"https:\/\/cnr.etcompagnie-le-lab.fr\/#organization","name":"CNR","url":"https:\/\/cnr.etcompagnie-le-lab.fr\/","logo":{"@type":"ImageObject","inLanguage":"fr-FR","@id":"https:\/\/cnr.etcompagnie-le-lab.fr\/#\/schema\/logo\/image\/","url":"https:\/\/www.cnr-louloutelaloutre.fr\/wp-content\/uploads\/2022\/07\/logo-cnr-sans-bulle.png","contentUrl":"https:\/\/www.cnr-louloutelaloutre.fr\/wp-content\/uploads\/2022\/07\/logo-cnr-sans-bulle.png","width":471,"height":203,"caption":"CNR"},"image":{"@id":"https:\/\/cnr.etcompagnie-le-lab.fr\/#\/schema\/logo\/image\/"}}]}},"_links":{"self":[{"href":"https:\/\/cnr.etcompagnie-le-lab.fr\/index.php\/wp-json\/wp\/v2\/pages\/97","targetHints":{"allow":["GET"]}}],"collection":[{"href":"https:\/\/cnr.etcompagnie-le-lab.fr\/index.php\/wp-json\/wp\/v2\/pages"}],"about":[{"href":"https:\/\/cnr.etcompagnie-le-lab.fr\/index.php\/wp-json\/wp\/v2\/types\/page"}],"author":[{"embeddable":true,"href":"https:\/\/cnr.etcompagnie-le-lab.fr\/index.php\/wp-json\/wp\/v2\/users\/1"}],"replies":[{"embeddable":true,"href":"https:\/\/cnr.etcompagnie-le-lab.fr\/index.php\/wp-json\/wp\/v2\/comments?post=97"}],"version-history":[{"count":27,"href":"https:\/\/cnr.etcompagnie-le-lab.fr\/index.php\/wp-json\/wp\/v2\/pages\/97\/revisions"}],"predecessor-version":[{"id":532,"href":"https:\/\/cnr.etcompagnie-le-lab.fr\/index.php\/wp-json\/wp\/v2\/pages\/97\/revisions\/532"}],"wp:attachment":[{"href":"https:\/\/cnr.etcompagnie-le-lab.fr\/index.php\/wp-json\/wp\/v2\/media?parent=97"}],"curies":[{"name":"wp","href":"https:\/\/api.w.org\/{rel}","templated":true}]}}